{"id":391,"date":"2025-07-29T14:08:06","date_gmt":"2025-07-29T12:08:06","guid":{"rendered":"https:\/\/mu.mymuseum.it\/basilicadisanzeno\/?page_id=391"},"modified":"2025-10-20T15:19:54","modified_gmt":"2025-10-20T13:19:54","slug":"bienvenue","status":"publish","type":"page","link":"https:\/\/mu.mymuseum.it\/basilicadisanzeno\/fr\/","title":{"rendered":"Bienvenue"},"content":{"rendered":"<div style=\"margin-top: var(--wp--preset--spacing--6);margin-right: var(--wp--preset--spacing--5);margin-bottom: var(--wp--preset--spacing--5);margin-left: var(--wp--preset--spacing--5); margin-top:var(--wp--preset--spacing--6);margin-right:var(--wp--preset--spacing--5);margin-bottom:var(--wp--preset--spacing--5);margin-left:var(--wp--preset--spacing--5);\" class=\"wp-block-eionext-tile-heading\" >\n\t\n\n<h2 class=\"wp-block-heading has-text-color has-text-title-secondary-font-size\" style=\"color:var(--wp--preset--color--foreground);padding-top:0;padding-right:15px;padding-bottom:0;padding-left:15px\">L\u2019histoire de l\u2019\u00e9glise<\/h2>\n\n<\/div>\n\n\t<a href=\"https:\/\/mu.mymuseum.it\/basilicadisanzeno\/fr\/presentation-de-leglise\/\" style=\"margin-top: var(--wp--preset--spacing--5);margin-right: var(--wp--preset--spacing--5);margin-left: var(--wp--preset--spacing--5);background-color: var(--wp--preset--color--lightpanel); background-color:var(--wp--preset--color--lightpanel); margin-top:var(--wp--preset--spacing--5);margin-right:var(--wp--preset--spacing--5);margin-left:var(--wp--preset--spacing--5);\" class=\"has-overflow-hidden has-rounded-xl has-block  has-overflow-hidden has-rounded-xl wp-block-eionext-tile-link has-background\" >\n\t\t\n\n<figure class=\"wp-block-image aligncenter size-large has-border-b-4 has-border-primary\"><img data-dominant-color=\"6d8593\" data-has-transparency=\"false\" style=\"--dominant-color: #6d8593;\" loading=\"lazy\" decoding=\"async\" width=\"1024\" height=\"758\" sizes=\"auto, (max-width: 840px) 100vw, 840px\" src=\"https:\/\/mu.mymuseum.it\/basilicadisanzeno\/wp-content\/uploads\/sites\/91\/2025\/09\/Gli-esterni-e-la-facciata-2-1024x758.jpg\" alt=\"\" class=\"wp-image-1004 not-transparent\" srcset=\"https:\/\/mu.mymuseum.it\/basilicadisanzeno\/wp-content\/uploads\/sites\/91\/2025\/09\/Gli-esterni-e-la-facciata-2-1024x758.jpg 1024w, https:\/\/mu.mymuseum.it\/basilicadisanzeno\/wp-content\/uploads\/sites\/91\/2025\/09\/Gli-esterni-e-la-facciata-2-300x222.jpg 300w, https:\/\/mu.mymuseum.it\/basilicadisanzeno\/wp-content\/uploads\/sites\/91\/2025\/09\/Gli-esterni-e-la-facciata-2-768x569.jpg 768w, https:\/\/mu.mymuseum.it\/basilicadisanzeno\/wp-content\/uploads\/sites\/91\/2025\/09\/Gli-esterni-e-la-facciata-2-1536x1138.jpg 1536w, https:\/\/mu.mymuseum.it\/basilicadisanzeno\/wp-content\/uploads\/sites\/91\/2025\/09\/Gli-esterni-e-la-facciata-2.jpg 1600w\" \/><\/figure>\n\n\n\n<div class=\"wp-block-group has-border-l has-border-b has-border-r has-rounded-b-xl has-border-color is-layout-flow wp-block-group-is-layout-flow\" style=\"border-color:var(--wp--preset--color--light);padding-top:1rem;padding-right:15px;padding-bottom:1rem;padding-left:15px\">\n<h3 class=\"wp-block-heading has-text-color has-text-title-small-font-size\" style=\"color:var(--wp--preset--color--foreground);margin-top:0.5rem\">Pr\u00e9sentation de l&#8217;\u00e9glise<\/h3>\n\n\n\n\t<div class=\"has-container has-mx-auto mt-4\">\n\t\t<div class=\"has-flex\">\n\t\t\t<div class=\"has-relative has-bottom-px\">\n\t\t\t\t<svg width=\"20px\" height=\"24\" viewBox=\"0 0 25 24\" fill=\"none\" xmlns=\"http:\/\/www.w3.org\/2000\/svg\">\n<path d=\"M16.1603 9.00009C16.788 9.83575 17.1599 10.8745 17.1599 12.0001C17.1599 13.1257 16.788 14.1644 16.1603 15.0001M18.1599 5.29177C20.0011 6.93973 21.1599 9.33459 21.1599 12.0001C21.1599 14.6656 20.0011 17.0604 18.1599 18.7084M4.75991 9.00009H5.66111C6.21204 9.00009 6.4875 9.00009 6.74276 8.93141C6.96894 8.87056 7.18266 8.77046 7.3742 8.63566C7.59038 8.48353 7.76672 8.27191 8.11942 7.84868L10.7453 4.69758C11.181 4.17476 11.3988 3.91335 11.5891 3.88614C11.7539 3.86258 11.9196 3.92258 12.0311 4.04617C12.1599 4.18889 12.1599 4.52917 12.1599 5.20973V18.7904C12.1599 19.471 12.1599 19.8113 12.0311 19.954C11.9196 20.0776 11.7539 20.1376 11.5891 20.114C11.3989 20.0868 11.181 19.8254 10.7453 19.3026L8.11942 16.1515C7.76672 15.7283 7.59038 15.5166 7.3742 15.3645C7.18266 15.2297 6.96894 15.1296 6.74276 15.0688C6.4875 15.0001 6.21204 15.0001 5.66111 15.0001H4.75991C4.19986 15.0001 3.91983 15.0001 3.70592 14.8911C3.51776 14.7952 3.36478 14.6422 3.2689 14.4541C3.15991 14.2402 3.15991 13.9601 3.15991 13.4001V10.6001C3.15991 10.04 3.15991 9.76001 3.2689 9.54609C3.36478 9.35793 3.51776 9.20495 3.70592 9.10908C3.91983 9.00009 4.19986 9.00009 4.75991 9.00009Z\" stroke=\"var(--wp--preset--color--gray)\" stroke-width=\"2\" stroke-linecap=\"round\" stroke-linejoin=\"round\"\/>\n<\/svg>\t\t\t<\/div>\n\t\t\t<div class=\"has-w-full has-ps-3 has-text-small-font-size has-text-gray\" style=\"color:var(--wp--preset--color--gray)\">\n\t\t\t\t\u00c9coute maintenant\t\t\t<\/div>\n\t\t<\/div>\n\t<\/div>\n<\/div>\n\n\t<\/a>\n\n\n\n<div style=\"height:20px\" aria-hidden=\"true\" class=\"wp-block-spacer\"><\/div>\n\n\n<div style=\"margin-top: var(--wp--preset--spacing--6);margin-right: var(--wp--preset--spacing--5);margin-bottom: var(--wp--preset--spacing--5);margin-left: var(--wp--preset--spacing--5); margin-top:var(--wp--preset--spacing--6);margin-right:var(--wp--preset--spacing--5);margin-bottom:var(--wp--preset--spacing--5);margin-left:var(--wp--preset--spacing--5);\" class=\"wp-block-eionext-tile-heading\" >\n\t\n\n<h2 class=\"wp-block-heading has-text-color has-text-title-secondary-font-size\" style=\"color:var(--wp--preset--color--foreground);padding-top:0;padding-right:15px;padding-bottom:0;padding-left:15px\">L\u2019histoire de l\u2019\u00e9glise \u00e0 travers les \u00e9tages et les \u0153uvres d\u2019art<\/h2>\n\n<\/div>\n\n\t<a href=\"https:\/\/mu.mymuseum.it\/basilicadisanzeno\/fr\/itineraire-de-visite-conseille\/\" style=\"margin-top: var(--wp--preset--spacing--5);margin-right: var(--wp--preset--spacing--5);margin-left: var(--wp--preset--spacing--5);background-color: var(--wp--preset--color--lightpanel); background-color:var(--wp--preset--color--lightpanel); margin-top:var(--wp--preset--spacing--5);margin-right:var(--wp--preset--spacing--5);margin-left:var(--wp--preset--spacing--5);\" class=\"has-overflow-hidden has-rounded-xl has-block  has-overflow-hidden has-rounded-xl wp-block-eionext-tile-link has-background\" >\n\t\t\n\n<figure class=\"wp-block-image aligncenter size-tile-wide has-border-b-4 has-border-primary\"><img data-dominant-color=\"7c6750\" data-has-transparency=\"false\" style=\"--dominant-color: #7c6750;\" loading=\"lazy\" decoding=\"async\" width=\"960\" height=\"475\" sizes=\"auto, (max-width: 840px) 100vw, 840px\" src=\"https:\/\/mu.mymuseum.it\/basilicadisanzeno\/wp-content\/uploads\/sites\/91\/2025\/03\/inizia-la-visita-960x475.jpeg\" alt=\"\" class=\"wp-image-22 not-transparent\"\/><\/figure>\n\n\n\n<div class=\"wp-block-group has-border-l has-border-b has-border-r has-rounded-b-xl has-border-color is-layout-flow wp-block-group-is-layout-flow\" style=\"border-color:var(--wp--preset--color--light);padding-top:1rem;padding-right:15px;padding-bottom:1rem;padding-left:15px\">\n<h3 class=\"wp-block-heading has-text-color has-text-title-small-font-size\" style=\"color:var(--wp--preset--color--foreground);margin-top:0.5rem\">Commencer la visite<\/h3>\n\n\n\n\t<div class=\"has-container has-mx-auto mt-4\">\n\t\t<div class=\"has-flex\">\n\t\t\t<div class=\"has-relative has-bottom-px\">\n\t\t\t\t<svg width=\"20px\" height=\"24\" viewBox=\"0 0 25 24\" fill=\"none\" xmlns=\"http:\/\/www.w3.org\/2000\/svg\">\n<path d=\"M12.498 7.00012V12.0001H15.498M21.498 12.0001C21.498 16.9707 17.4686 21.0001 12.498 21.0001C7.52749 21.0001 3.49805 16.9707 3.49805 12.0001C3.49805 7.02956 7.52749 3.00012 12.498 3.00012C17.4686 3.00012 21.498 7.02956 21.498 12.0001Z\" stroke=\"var(--wp--preset--color--gray)\" stroke-width=\"2\" stroke-linecap=\"round\" stroke-linejoin=\"round\"\/>\n<\/svg>\t\t\t<\/div>\n\t\t\t<div class=\"has-w-full has-ps-3 has-text-small-font-size has-text-gray\" style=\"color:var(--wp--preset--color--gray)\">\n\t\t\t\t14 minutes\t\t\t<\/div>\n\t\t<\/div>\n\t<\/div>\n<\/div>\n\n\t<\/a>\n\n\n\n<div style=\"height:40px\" aria-hidden=\"true\" class=\"wp-block-spacer\"><\/div>\n\n\n\n<div class=\"wp-block-group is-layout-constrained wp-container-core-group-is-layout-0e68cfdf wp-block-group-is-layout-constrained\" style=\"padding-top:0;padding-right:var(--wp--preset--spacing--5);padding-bottom:0;padding-left:var(--wp--preset--spacing--5)\">\n<div style=\"height:40px\" aria-hidden=\"true\" class=\"wp-block-spacer\"><\/div>\n\n\n<div style=\"padding-right:0;padding-left:0;margin-top:0;margin-right:0;margin-bottom:0;margin-left:0;\" class=\"wp-block-eionext-tile-heading\" >\n\t\n\n<h2 class=\"wp-block-heading has-text-color has-text-title-secondary-font-size\" style=\"color:var(--wp--preset--color--foreground);padding-top:0;padding-right:15px;padding-bottom:0;padding-left:15px\">Avez-vous termin\u00e9 la visite ?<\/h2>\n\n<\/div>\n\n<div style=\"padding-top: var(--wp--preset--spacing--5);padding-right: var(--wp--preset--spacing--5);padding-bottom: var(--wp--preset--spacing--5);padding-left: var(--wp--preset--spacing--5);margin-top: var(--wp--preset--spacing--5);margin-right: var(--wp--preset--spacing--5);margin-left: var(--wp--preset--spacing--5);\" class=\"has-overflow-hidden has-rounded-xl has-overflow-hidden has-rounded-xl wp-block-eionext-tile-basic has-background has-light-background-color\" >\n\t\n\n<figure class=\"wp-block-image size-tile-regular has-overflow-hidden has-rounded-md\"><img data-dominant-color=\"7f685a\" data-has-transparency=\"false\" style=\"--dominant-color: #7f685a;\" loading=\"lazy\" decoding=\"async\" width=\"960\" height=\"650\" sizes=\"auto, (max-width: 840px) 100vw, 840px\" src=\"https:\/\/mu.mymuseum.it\/basilicadisanzeno\/wp-content\/uploads\/sites\/91\/2025\/09\/WhatsApp-Image-2025-09-11-at-10.44.00-2-960x650.jpeg\" alt=\"\" class=\"wp-image-1120 not-transparent\"\/><\/figure>\n\n\n\n<h3 class=\"wp-block-heading has-text-color has-text-title-small-font-size\" style=\"color:var(--wp--preset--color--foreground);margin-top:var(--wp--preset--spacing--5)\">Passez par notre librairie<\/h3>\n\n\n\n<p class=\"has-text-color has-text-body-font-size\" style=\"color:var(--wp--preset--color--foreground);margin-top:var(--wp--preset--spacing--3)\">Des gadgets, des guides, des livres et bien plus encore vous attendent !<\/p>\n\n<\/div><\/div>\n\n\n\n<div style=\"height:40px\" aria-hidden=\"true\" class=\"wp-block-spacer\"><\/div>\n","protected":false},"excerpt":{"rendered":"","protected":false},"author":4,"featured_media":1004,"parent":0,"menu_order":0,"comment_status":"closed","ping_status":"closed","template":"","meta":{"_acf_changed":false,"footnotes":""},"class_list":["post-391","page","type-page","status-publish","has-post-thumbnail","hentry"],"acf":[],"_links":{"self":[{"href":"https:\/\/mu.mymuseum.it\/basilicadisanzeno\/wp-json\/wp\/v2\/pages\/391","targetHints":{"allow":["GET"]}}],"collection":[{"href":"https:\/\/mu.mymuseum.it\/basilicadisanzeno\/wp-json\/wp\/v2\/pages"}],"about":[{"href":"https:\/\/mu.mymuseum.it\/basilicadisanzeno\/wp-json\/wp\/v2\/types\/page"}],"author":[{"embeddable":true,"href":"https:\/\/mu.mymuseum.it\/basilicadisanzeno\/wp-json\/wp\/v2\/users\/4"}],"replies":[{"embeddable":true,"href":"https:\/\/mu.mymuseum.it\/basilicadisanzeno\/wp-json\/wp\/v2\/comments?post=391"}],"version-history":[{"count":11,"href":"https:\/\/mu.mymuseum.it\/basilicadisanzeno\/wp-json\/wp\/v2\/pages\/391\/revisions"}],"predecessor-version":[{"id":1149,"href":"https:\/\/mu.mymuseum.it\/basilicadisanzeno\/wp-json\/wp\/v2\/pages\/391\/revisions\/1149"}],"wp:featuredmedia":[{"embeddable":true,"href":"https:\/\/mu.mymuseum.it\/basilicadisanzeno\/wp-json\/wp\/v2\/media\/1004"}],"wp:attachment":[{"href":"https:\/\/mu.mymuseum.it\/basilicadisanzeno\/wp-json\/wp\/v2\/media?parent=391"}],"curies":[{"name":"wp","href":"https:\/\/api.w.org\/{rel}","templated":true}]}}