{"id":399,"date":"2025-07-29T14:09:49","date_gmt":"2025-07-29T12:09:49","guid":{"rendered":"https:\/\/mu.mymuseum.it\/basilicadisanzeno\/?page_id=399"},"modified":"2025-07-29T14:09:49","modified_gmt":"2025-07-29T12:09:49","slug":"qui-sommes-nous","status":"publish","type":"page","link":"https:\/\/mu.mymuseum.it\/basilicadisanzeno\/fr\/qui-sommes-nous\/","title":{"rendered":"Qui sommes-nous ?"},"content":{"rendered":"\n<div style=\"height:20px\" aria-hidden=\"true\" class=\"wp-block-spacer\"><\/div>\n\n\n\n<h1 class=\"wp-block-heading has-text-color has-text-title-font-size\" style=\"color:var(--wp--preset--color--foreground);padding-right:var(--wp--preset--spacing--5);padding-left:var(--wp--preset--spacing--5)\">Qui sommes-nous ?<\/h1>\n\n\n\n<div style=\"height:20px\" aria-hidden=\"true\" class=\"wp-block-spacer\"><\/div>\n\n\n\n<p class=\"has-text-title-small-font-size\" style=\"padding-right:var(--wp--preset--spacing--5);padding-left:var(--wp--preset--spacing--5)\">myMuseum est d\u00e9velopp\u00e9 par lineadacqua edizioni, une entreprise sp\u00e9cialis\u00e9e dans le domaine de la valorisation culturelle.<\/p>\n\n\n\n<div style=\"height:20px\" aria-hidden=\"true\" class=\"wp-block-spacer\"><\/div>\n\n\n\n<p style=\"padding-right:var(--wp--preset--spacing--5);padding-left:var(--wp--preset--spacing--5)\">Nous aidons les <strong>institutions culturelles<\/strong> \u00e0 raconter l&#8217;histoire de leur <strong>patrimoine artistique<\/strong>, non seulement \u00e0 travers des publications traditionnelles, mais aussi gr\u00e2ce \u00e0 des m\u00e9thodes innovantes en termes de contenu et de technologie.<\/p>\n\n\n\n<div style=\"height:20px\" aria-hidden=\"true\" class=\"wp-block-spacer\"><\/div>\n\n\n\n<p style=\"padding-right:var(--wp--preset--spacing--5);padding-left:var(--wp--preset--spacing--5)\"><strong>myMuseum<\/strong> comprend une \u00e9quipe multidisciplinaire de professionnels fournissant un produit innovant, personnalisable et flexible : un <strong>audioguide num\u00e9rique et intelligent<\/strong> qui permet aux gens de profiter d&#8217;une <strong>exp\u00e9rience mus\u00e9ale plus riche<\/strong> et <strong>plus compl\u00e8te<\/strong>.<\/p>\n\n\n\n<div style=\"height:20px\" aria-hidden=\"true\" class=\"wp-block-spacer\"><\/div>\n\n\n\n<p style=\"padding-right:var(--wp--preset--spacing--5);padding-left:var(--wp--preset--spacing--5)\">La plateforme myMuseum est con\u00e7ue et d\u00e9velopp\u00e9e pour \u00eatre <strong>accessible<\/strong> \u00e0 un plus large \u00e9ventail d&#8217;utilisateurs. La technique de narration permet une exp\u00e9rience visiteur capable de stimuler de multiples sens, tandis que la structure informatique de l&#8217;application web permet une lecture facile des pages par les technologies d&#8217;assistance utilis\u00e9es par les personnes ayant une d\u00e9ficience visuelle.<\/p>\n\n\n\n<div style=\"height:40px\" aria-hidden=\"true\" class=\"wp-block-spacer\"><\/div>\n\n\n\n<div class=\"wp-block-group has-darkpanelforeground-color has-darkpanel-background-color has-text-color has-background has-link-color wp-elements-ae0d57c5d2556ade6da686dc0dba2cac is-layout-constrained wp-container-core-group-is-layout-16dd2749 wp-block-group-is-layout-constrained\" style=\"padding-top:var(--wp--preset--spacing--5);padding-right:var(--wp--preset--spacing--5);padding-bottom:var(--wp--preset--spacing--5);padding-left:var(--wp--preset--spacing--5)\">\n<h2 class=\"wp-block-heading\" style=\"padding-right:var(--wp--preset--spacing--5);padding-left:var(--wp--preset--spacing--5)\"><strong>Contacts<\/strong><\/h2>\n\n\n\n<div style=\"height:20px\" aria-hidden=\"true\" class=\"wp-block-spacer\"><\/div>\n\n\n\n<h3 class=\"wp-block-heading has-darkpanelforeground-color has-text-color has-link-color wp-elements-83372813e173819d40cc3fddc20d11da\" style=\"padding-right:var(--wp--preset--spacing--5);padding-left:var(--wp--preset--spacing--5)\">Adresse:<\/h3>\n\n\n\n<p class=\"has-darkpanelforeground-color has-text-color has-link-color wp-elements-decc32916200a5364a55df15e2556002\" style=\"padding-right:var(--wp--preset--spacing--5);padding-left:var(--wp--preset--spacing--5)\">Calle della Mandola<br>San Marco 3716\/b<br>30124 Venise<\/p>\n\n\n\n<div style=\"height:20px\" aria-hidden=\"true\" class=\"wp-block-spacer\"><\/div>\n\n\n\n<h3 class=\"wp-block-heading\" style=\"padding-right:var(--wp--preset--spacing--5);padding-left:var(--wp--preset--spacing--5)\">Mail:<\/h3>\n\n\n\n<p class=\"has-darkpanelforeground-color has-text-color has-link-color wp-elements-84705bff9b2c1daa3f14ab12ea1c2d0c\" style=\"padding-right:var(--wp--preset--spacing--5);padding-left:var(--wp--preset--spacing--5)\"><a href=\"mailto:redazione@lineadacqua.com\"><span style=\"text-decoration: underline;\">redazione@lineadacqua.com<\/span><\/a><\/p>\n\n\n\n<div style=\"height:20px\" aria-hidden=\"true\" class=\"wp-block-spacer\"><\/div>\n\n\n\n<h3 class=\"wp-block-heading\" style=\"padding-right:var(--wp--preset--spacing--5);padding-left:var(--wp--preset--spacing--5)\">Site web:<\/h3>\n\n\n\n<p class=\"has-darkpanelforeground-color has-text-color\" style=\"padding-right:var(--wp--preset--spacing--5);padding-left:var(--wp--preset--spacing--5)\"><span style=\"text-decoration: underline;\"><a href=\"https:\/\/www.lineadacqua.com\" target=\"_blank\" rel=\"noreferrer noopener\">lineadacqua.com<\/a><br><\/span><a href=\"https:\/\/www.mymuseum.it\/\" target=\"_blank\" rel=\"noreferrer noopener\"><span style=\"text-decoration: underline;\">mymuseum.it<\/span><\/a><\/p>\n<\/div>\n","protected":false},"excerpt":{"rendered":"<p>Qui sommes-nous ? myMuseum est d\u00e9velopp\u00e9 par lineadacqua edizioni, une entreprise sp\u00e9cialis\u00e9e dans le domaine de la valorisation culturelle. Nous aidons les institutions culturelles \u00e0 raconter l&#8217;histoire de leur patrimoine artistique, non seulement \u00e0 travers des publications traditionnelles, mais aussi gr\u00e2ce \u00e0 des m\u00e9thodes innovantes en termes de contenu et de technologie. myMuseum comprend une [&hellip;]<\/p>\n","protected":false},"author":4,"featured_media":0,"parent":0,"menu_order":0,"comment_status":"closed","ping_status":"closed","template":"","meta":{"_acf_changed":false,"footnotes":""},"class_list":["post-399","page","type-page","status-publish","hentry"],"acf":[],"_links":{"self":[{"href":"https:\/\/mu.mymuseum.it\/basilicadisanzeno\/wp-json\/wp\/v2\/pages\/399","targetHints":{"allow":["GET"]}}],"collection":[{"href":"https:\/\/mu.mymuseum.it\/basilicadisanzeno\/wp-json\/wp\/v2\/pages"}],"about":[{"href":"https:\/\/mu.mymuseum.it\/basilicadisanzeno\/wp-json\/wp\/v2\/types\/page"}],"author":[{"embeddable":true,"href":"https:\/\/mu.mymuseum.it\/basilicadisanzeno\/wp-json\/wp\/v2\/users\/4"}],"replies":[{"embeddable":true,"href":"https:\/\/mu.mymuseum.it\/basilicadisanzeno\/wp-json\/wp\/v2\/comments?post=399"}],"version-history":[{"count":1,"href":"https:\/\/mu.mymuseum.it\/basilicadisanzeno\/wp-json\/wp\/v2\/pages\/399\/revisions"}],"predecessor-version":[{"id":400,"href":"https:\/\/mu.mymuseum.it\/basilicadisanzeno\/wp-json\/wp\/v2\/pages\/399\/revisions\/400"}],"wp:attachment":[{"href":"https:\/\/mu.mymuseum.it\/basilicadisanzeno\/wp-json\/wp\/v2\/media?parent=399"}],"curies":[{"name":"wp","href":"https:\/\/api.w.org\/{rel}","templated":true}]}}