{"id":403,"date":"2025-07-29T14:10:50","date_gmt":"2025-07-29T12:10:50","guid":{"rendered":"https:\/\/mu.mymuseum.it\/basilicadisanzeno\/?page_id=403"},"modified":"2025-07-29T14:10:51","modified_gmt":"2025-07-29T12:10:51","slug":"wer-sind-wir","status":"publish","type":"page","link":"https:\/\/mu.mymuseum.it\/basilicadisanzeno\/de\/wer-sind-wir\/","title":{"rendered":"Wer sind wir ?"},"content":{"rendered":"\n<div class=\"wp-block-group is-layout-constrained wp-block-group-is-layout-constrained\">\n<div style=\"height:20px\" aria-hidden=\"true\" class=\"wp-block-spacer\"><\/div>\n\n\n\n<h1 class=\"wp-block-heading has-text-color has-text-title-font-size\" style=\"color:var(--wp--preset--color--foreground);padding-right:var(--wp--preset--spacing--5);padding-left:var(--wp--preset--spacing--5)\">Wer sind wir ?<\/h1>\n\n\n\n<div style=\"height:20px\" aria-hidden=\"true\" class=\"wp-block-spacer\"><\/div>\n\n\n\n<p class=\"has-text-title-small-font-size\" style=\"padding-right:var(--wp--preset--spacing--5);padding-left:var(--wp--preset--spacing--5)\">myMuseum ist eine Marke von lineadacqua edizioni, einem Unternehmen, das sich auf kulturelle Aufwertung spezialisiert hat.<\/p>\n\n\n\n<div style=\"height:20px\" aria-hidden=\"true\" class=\"wp-block-spacer\"><\/div>\n\n\n\n<p style=\"padding-right:var(--wp--preset--spacing--5);padding-left:var(--wp--preset--spacing--5)\">Wir unterst\u00fctzen kulturelle Einrichtungen dabei, ihr k\u00fcnstlerisches Erbe zu pr\u00e4sentieren, und zwar nicht nur durch traditionelle Publikationen, sondern auch durch innovative Methoden in Bezug auf <strong>Inhalte<\/strong> und <strong>Technologien<\/strong>.<\/p>\n\n\n\n<div style=\"height:20px\" aria-hidden=\"true\" class=\"wp-block-spacer\"><\/div>\n\n\n\n<p style=\"padding-right:var(--wp--preset--spacing--5);padding-left:var(--wp--preset--spacing--5)\"><strong>myMuseum<\/strong> ist ein Unternehmen mit einem multidisziplin\u00e4ren Team von Fachleuten, das ein innovatives, anpassbares und flexibles Produkt anbietet: einen digitalen und smarten Audioguide, der es den Menschen erm\u00f6glicht, ein reichhaltigeres und umfassenderes Museumserlebnis zu genie\u00dfen.<\/p>\n\n\n\n<div style=\"height:20px\" aria-hidden=\"true\" class=\"wp-block-spacer\"><\/div>\n\n\n\n<p style=\"padding-right:var(--wp--preset--spacing--5);padding-left:var(--wp--preset--spacing--5)\">Im August 2024 wird die neue <strong>Plattform myMuseumNEXT<\/strong> eingef\u00fchrt, die entwickelt wurde, um einem breiteren Nutzerkreis zug\u00e4nglich zu sein. Die Storytelling-Technik erm\u00f6glicht ein Besuchserlebnis, das mehrere Sinne anregt, w\u00e4hrend die IT-Struktur der Web-App eine einfache Lesbarkeit der Seiten durch assistierende Technologien f\u00fcr Menschen mit Sehbehinderungen erm\u00f6glicht.<\/p>\n\n\n\n<div style=\"height:20px\" aria-hidden=\"true\" class=\"wp-block-spacer\"><\/div>\n\n\n\n<p style=\"padding-right:var(--wp--preset--spacing--5);padding-left:var(--wp--preset--spacing--5)\"><strong>myMuseumNEXT<\/strong> wird mit Unterst\u00fctzung des PNRR &#8211; Anreiz &#8220;TOCC&#8221; realisiert, finanziert von der Europ\u00e4ischen Union &#8211; Next Generation EU. Genauer gesagt, Teilinvestition 3.3.2 &#8220;Unterst\u00fctzung der Kultur- und Kreativsektoren f\u00fcr Innovation und digitalen Wandel&#8221;, d.h. Aktion A2.<\/p>\n\n\n\n<div style=\"height:40px\" aria-hidden=\"true\" class=\"wp-block-spacer\"><\/div>\n<\/div>\n\n\n\n<div class=\"wp-block-group has-darkpanelforeground-color has-tertiary-background-color has-text-color has-background has-link-color wp-elements-8c589c7c058830eb3f5a217fc6ca37b9 is-layout-constrained wp-container-core-group-is-layout-e382d8bf wp-block-group-is-layout-constrained\" style=\"padding-top:var(--wp--preset--spacing--5);padding-right:0;padding-bottom:var(--wp--preset--spacing--5);padding-left:0\">\n<h2 class=\"wp-block-heading has-tertiaryforeground-color has-text-color has-link-color wp-elements-76b9df71ad991d69658a24d6b82b9b70\" style=\"padding-right:var(--wp--preset--spacing--5);padding-left:var(--wp--preset--spacing--5)\"><strong>Kontakte<\/strong><\/h2>\n\n\n\n<div style=\"height:20px\" aria-hidden=\"true\" class=\"wp-block-spacer\"><\/div>\n\n\n\n<h3 class=\"wp-block-heading has-tertiaryforeground-color has-text-color has-link-color wp-elements-a148951c5c0ae1766eaeecf55b2b87b5\" style=\"padding-right:var(--wp--preset--spacing--5);padding-left:var(--wp--preset--spacing--5)\">Adresse:<\/h3>\n\n\n\n<p class=\"has-tertiaryforeground-color has-text-color has-link-color wp-elements-fb4b51b3eb022ad7ae9f6671a1780e14\" style=\"padding-right:var(--wp--preset--spacing--5);padding-left:var(--wp--preset--spacing--5)\">Calle della Mandola<br>San Marco 3716\/b<br>30124 Venezia<\/p>\n\n\n\n<div style=\"height:20px\" aria-hidden=\"true\" class=\"wp-block-spacer\"><\/div>\n\n\n\n<h3 class=\"wp-block-heading has-tertiaryforeground-color has-text-color has-link-color wp-elements-8331104d9afbaf3ca204934eae1d4dc6\" style=\"padding-right:var(--wp--preset--spacing--5);padding-left:var(--wp--preset--spacing--5)\">E-Mail:<\/h3>\n\n\n\n<p class=\"has-tertiaryforeground-color has-text-color has-link-color wp-elements-8f235d52d73c736307d9e97b371ec456\" style=\"padding-right:var(--wp--preset--spacing--5);padding-left:var(--wp--preset--spacing--5)\"><a href=\"mailto:redazione@lineadacqua.com\"><span style=\"text-decoration: underline;\">redazione@lineadacqua.com<\/span><\/a><\/p>\n\n\n\n<div style=\"height:20px\" aria-hidden=\"true\" class=\"wp-block-spacer\"><\/div>\n\n\n\n<h3 class=\"wp-block-heading has-tertiaryforeground-color has-text-color has-link-color wp-elements-3f8f6899b98be2bd5ae0664912cd3756\" style=\"padding-right:var(--wp--preset--spacing--5);padding-left:var(--wp--preset--spacing--5)\">Website:<\/h3>\n\n\n\n<p class=\"has-tertiaryforeground-color has-text-color\" style=\"padding-right:var(--wp--preset--spacing--5);padding-left:var(--wp--preset--spacing--5)\"><span style=\"text-decoration: underline;\"><a href=\"https:\/\/www.lineadacqua.com\" target=\"_blank\" rel=\"noreferrer noopener\">lineadacqua.com<\/a><br><\/span><a href=\"https:\/\/www.mymuseum.it\/\" target=\"_blank\" rel=\"noreferrer noopener\"><span style=\"text-decoration: underline;\">mymuseum.it<\/span><\/a><\/p>\n<\/div>\n","protected":false},"excerpt":{"rendered":"<p>Wer sind wir ? myMuseum ist eine Marke von lineadacqua edizioni, einem Unternehmen, das sich auf kulturelle Aufwertung spezialisiert hat. Wir unterst\u00fctzen kulturelle Einrichtungen dabei, ihr k\u00fcnstlerisches Erbe zu pr\u00e4sentieren, und zwar nicht nur durch traditionelle Publikationen, sondern auch durch innovative Methoden in Bezug auf Inhalte und Technologien. myMuseum ist ein Unternehmen mit einem multidisziplin\u00e4ren [&hellip;]<\/p>\n","protected":false},"author":4,"featured_media":0,"parent":0,"menu_order":0,"comment_status":"closed","ping_status":"closed","template":"","meta":{"_acf_changed":false,"footnotes":""},"class_list":["post-403","page","type-page","status-publish","hentry"],"acf":[],"_links":{"self":[{"href":"https:\/\/mu.mymuseum.it\/basilicadisanzeno\/wp-json\/wp\/v2\/pages\/403","targetHints":{"allow":["GET"]}}],"collection":[{"href":"https:\/\/mu.mymuseum.it\/basilicadisanzeno\/wp-json\/wp\/v2\/pages"}],"about":[{"href":"https:\/\/mu.mymuseum.it\/basilicadisanzeno\/wp-json\/wp\/v2\/types\/page"}],"author":[{"embeddable":true,"href":"https:\/\/mu.mymuseum.it\/basilicadisanzeno\/wp-json\/wp\/v2\/users\/4"}],"replies":[{"embeddable":true,"href":"https:\/\/mu.mymuseum.it\/basilicadisanzeno\/wp-json\/wp\/v2\/comments?post=403"}],"version-history":[{"count":1,"href":"https:\/\/mu.mymuseum.it\/basilicadisanzeno\/wp-json\/wp\/v2\/pages\/403\/revisions"}],"predecessor-version":[{"id":404,"href":"https:\/\/mu.mymuseum.it\/basilicadisanzeno\/wp-json\/wp\/v2\/pages\/403\/revisions\/404"}],"wp:attachment":[{"href":"https:\/\/mu.mymuseum.it\/basilicadisanzeno\/wp-json\/wp\/v2\/media?parent=403"}],"curies":[{"name":"wp","href":"https:\/\/api.w.org\/{rel}","templated":true}]}}