{"id":416,"date":"2025-07-29T14:26:36","date_gmt":"2025-07-29T12:26:36","guid":{"rendered":"https:\/\/mu.mymuseum.it\/basilicadisanzeno\/?page_id=416"},"modified":"2025-07-29T14:26:37","modified_gmt":"2025-07-29T12:26:37","slug":"politique-de-confidentialite","status":"publish","type":"page","link":"https:\/\/mu.mymuseum.it\/basilicadisanzeno\/fr\/politique-de-confidentialite\/","title":{"rendered":"Politique de Confidentialit\u00e9"},"content":{"rendered":"\n<div style=\"height:20px\" aria-hidden=\"true\" class=\"wp-block-spacer\"><\/div>\n\n\n\n<h1 class=\"wp-block-heading has-text-color has-text-title-font-size\" style=\"color:var(--wp--preset--color--foreground);padding-right:var(--wp--preset--spacing--5);padding-left:var(--wp--preset--spacing--5)\">Politique de Confidentialit\u00e9<\/h1>\n\n\n\n<div style=\"height:20px\" aria-hidden=\"true\" class=\"wp-block-spacer\"><\/div>\n\n\n\n<div style=\"height:5px\" aria-hidden=\"true\" class=\"wp-block-spacer\"><\/div>\n\n\n\n<p style=\"padding-right:var(--wp--preset--spacing--5);padding-left:var(--wp--preset--spacing--5)\">La Basilique San Zeno poss\u00e8de le guide audio myMuseum cr\u00e9\u00e9 par lineadacqua.<\/p>\n\n\n\n<div style=\"height:15px\" aria-hidden=\"true\" class=\"wp-block-spacer\"><\/div>\n\n\n\n<h2 class=\"wp-block-heading\" style=\"padding-right:var(--wp--preset--spacing--5);padding-left:var(--wp--preset--spacing--5)\"><strong>TRAITEMENT DES DONN\u00c9ES PERSONNELLES<\/strong><\/h2>\n\n\n\n<div style=\"height:5px\" aria-hidden=\"true\" class=\"wp-block-spacer\"><\/div>\n\n\n\n<p style=\"padding-right:var(--wp--preset--spacing--5);padding-left:var(--wp--preset--spacing--5)\">Lors de l&#8217;utilisation de l&#8217;application web, les utilisateurs sont inform\u00e9s qu&#8217;AUCUNE donn\u00e9e personnelle ou donn\u00e9e pouvant \u00eatre li\u00e9e \u00e0 l&#8217;utilisateur n&#8217;est trait\u00e9e, y compris par l&#8217;utilisation de cookies.<\/p>\n\n\n\n<div style=\"height:15px\" aria-hidden=\"true\" class=\"wp-block-spacer\"><\/div>\n\n\n\n<h2 class=\"wp-block-heading\" style=\"padding-right:var(--wp--preset--spacing--5);padding-left:var(--wp--preset--spacing--5)\"><strong>DONN\u00c9ES DE NAVIGATION<\/strong><\/h2>\n\n\n\n<div style=\"height:5px\" aria-hidden=\"true\" class=\"wp-block-spacer\"><\/div>\n\n\n\n<p style=\"padding-right:var(--wp--preset--spacing--5);padding-left:var(--wp--preset--spacing--5)\">Les syst\u00e8mes informatiques et les proc\u00e9dures logicielles charg\u00e9es du fonctionnement de ce site web acqui\u00e8rent, dans le cadre de leur fonctionnement normal, certaines donn\u00e9es de mani\u00e8re anonyme, dont la transmission est implicite dans l&#8217;utilisation des protocoles de communication Internet.<br>Il s&#8217;agit d&#8217;informations qui ne sont pas collect\u00e9es pour \u00eatre associ\u00e9es \u00e0 des personnes identifi\u00e9es et qui ne peuvent pas \u00eatre utilis\u00e9es pour identifier les utilisateurs, m\u00eame en combinaison avec des donn\u00e9es d\u00e9tenues par des tiers.<br>Cette cat\u00e9gorie de donn\u00e9es comprend les adresses IP ou les noms de domaine des ordinateurs utilis\u00e9s par les utilisateurs qui se connectent au site, les adresses en notation URI (Uniform Resource Identifier) des ressources demand\u00e9es, l&#8217;heure de la demande, la m\u00e9thode utilis\u00e9e pour soumettre la demande au serveur, la taille du fichier obtenu en r\u00e9ponse, le code num\u00e9rique indiquant l&#8217;\u00e9tat de la r\u00e9ponse donn\u00e9e par le serveur (r\u00e9ussite, erreur, etc.), et d&#8217;autres param\u00e8tres relatifs au syst\u00e8me d&#8217;exploitation et \u00e0 l&#8217;environnement informatique de l&#8217;utilisateur.<br>Ces donn\u00e9es sont utilis\u00e9es uniquement pour obtenir des informations statistiques anonymes sur l&#8217;utilisation du site et pour en v\u00e9rifier le bon fonctionnement.<br>Les donn\u00e9es pourraient \u00eatre utilis\u00e9es pour d\u00e9terminer les responsabilit\u00e9s en cas de crimes informatiques hypoth\u00e9tiques \u00e0 l&#8217;encontre du site.<br>Il s&#8217;agit en particulier des donn\u00e9es anonymes et agr\u00e9g\u00e9es suivantes : <br>\u2013 Langue choisie, <br>\u2013 Contenus consult\u00e9s, <br>\u2013 Temps d&#8217;utilisation.<\/p>\n\n\n\n<p style=\"padding-right:var(--wp--preset--spacing--5);padding-left:var(--wp--preset--spacing--5)\">Le mus\u00e9e pourra \u00e9galement acc\u00e9der \u00e0 ces m\u00eames donn\u00e9es \u00e0 des fins statistiques.<\/p>\n\n\n\n<div style=\"height:15px\" aria-hidden=\"true\" class=\"wp-block-spacer\"><\/div>\n\n\n\n<h2 class=\"wp-block-heading\" style=\"padding-right:var(--wp--preset--spacing--5);padding-left:var(--wp--preset--spacing--5)\"><strong>GESTION DES COOKIES<\/strong><\/h2>\n\n\n\n<div style=\"height:5px\" aria-hidden=\"true\" class=\"wp-block-spacer\"><\/div>\n\n\n\n<h3 class=\"wp-block-heading\" style=\"padding-right:var(--wp--preset--spacing--5);padding-left:var(--wp--preset--spacing--5)\"><em>COOKIE<\/em>S<\/h3>\n\n\n\n<p style=\"padding-right:var(--wp--preset--spacing--5);padding-left:var(--wp--preset--spacing--5)\">Les cookies sont de petits fichiers texte que les sites visit\u00e9s par l&#8217;utilisateur envoient \u00e0 son terminal, o\u00f9 ils sont stock\u00e9s pour \u00eatre ensuite retransmis aux m\u00eames sites lors de la prochaine visite par le m\u00eame utilisateur. Au cours de la navigation, l&#8217;utilisateur peut \u00e9galement recevoir sur son terminal des cookies envoy\u00e9s par des pages web diff\u00e9rentes (voir Provision du Garant de la Vie Priv\u00e9e du 8 mai 2014, n\u00b0 229).<br>Pour une r\u00e9glementation correcte de ces dispositifs, il est n\u00e9cessaire de les distinguer en fonction des finalit\u00e9s poursuivies par ceux qui les utilisent.<\/p>\n\n\n\n<div style=\"height:10px\" aria-hidden=\"true\" class=\"wp-block-spacer\"><\/div>\n\n\n\n<h3 class=\"wp-block-heading\" style=\"padding-right:var(--wp--preset--spacing--5);padding-left:var(--wp--preset--spacing--5)\"><em>COOKIES TECHNIQUES<\/em><\/h3>\n\n\n\n<p style=\"padding-right:var(--wp--preset--spacing--5);padding-left:var(--wp--preset--spacing--5)\">Les cookies techniques sont ceux utilis\u00e9s uniquement pour &#8220;effectuer la transmission d&#8217;une communication sur un r\u00e9seau de communication \u00e9lectronique, ou dans la mesure strictement n\u00e9cessaire pour que le fournisseur d&#8217;un service de la soci\u00e9t\u00e9 de l&#8217;information fournisse le service explicitement demand\u00e9 par l&#8217;abonn\u00e9 ou l&#8217;utilisateur&#8221; (voir Art. 122, alin\u00e9a 1, du Code et Provision n\u00b0 229\/2014).<br>Ils peuvent consister en des cookies de navigation ou de session, qui garantissent la navigation normale et l&#8217;utilisation du site web (par exemple, permettant de r\u00e9aliser un achat ou de s&#8217;authentifier pour acc\u00e9der \u00e0 des zones r\u00e9serv\u00e9es).<br>Aucun consentement pr\u00e9alable des utilisateurs n&#8217;est requis pour l&#8217;installation de ces cookies.<\/p>\n\n\n\n<div style=\"height:10px\" aria-hidden=\"true\" class=\"wp-block-spacer\"><\/div>\n\n\n\n<h3 class=\"wp-block-heading\" style=\"padding-right:var(--wp--preset--spacing--5);padding-left:var(--wp--preset--spacing--5)\"><em>COOKIES DE PROFILAGE<\/em><\/h3>\n\n\n\n<p style=\"padding-right:var(--wp--preset--spacing--5);padding-left:var(--wp--preset--spacing--5)\">Les cookies de profilage visent \u00e0 cr\u00e9er des profils relatifs \u00e0 l&#8217;utilisateur et sont utilis\u00e9s pour envoyer des messages publicitaires en ligne avec les pr\u00e9f\u00e9rences exprim\u00e9es lors de la navigation sur le web.<br>En raison de leur caract\u00e8re invasif, le consentement pr\u00e9alable de l&#8217;utilisateur est requis pour leur installation, comme le pr\u00e9voit l&#8217;art. 122 du Code.<\/p>\n\n\n\n<div style=\"height:10px\" aria-hidden=\"true\" class=\"wp-block-spacer\"><\/div>\n\n\n\n<h3 class=\"wp-block-heading\" style=\"padding-right:var(--wp--preset--spacing--5);padding-left:var(--wp--preset--spacing--5)\"><em>COOKIES ANALYTIQUES<\/em><\/h3>\n\n\n\n<p style=\"padding-right:var(--wp--preset--spacing--5);padding-left:var(--wp--preset--spacing--5)\">Ces cookies servent \u00e0 surveiller l&#8217;utilisation de la page web par les utilisateurs en fournissant des rapports statistiques qui peuvent aider l&#8217;\u00e9diteur du site \u00e0 l&#8217;optimiser. L&#8217;un des outils les plus utilis\u00e9s pour les analyses web est &#8220;Matomo&#8221;, un service qui permet de collecter des statistiques de navigation. L&#8217;Autorit\u00e9 de Protection des Donn\u00e9es a pr\u00e9cis\u00e9 que ces cookies peuvent \u00eatre class\u00e9s parmi les cookies techniques lorsqu&#8217;une anonymisation (m\u00eame partielle) de l&#8217;adresse IP est effectu\u00e9e et que les partages d&#8217;informations sont supprim\u00e9s. Sinon, ces types de cookies sont associ\u00e9s \u00e0 ceux de profilage.<br>La soci\u00e9t\u00e9 a \u00e9galement pris des mesures pour anonymiser partiellement l&#8217;adresse IP de l&#8217;utilisateur et r\u00e9duire les donn\u00e9es auxquelles Matomo peut acc\u00e9der via ses outils.<br>Chaque type de cookie peut \u00eatre soit de premi\u00e8re partie (c&#8217;est-\u00e0-dire trait\u00e9 et g\u00e9r\u00e9 directement par le propri\u00e9taire du site web) soit de tiers (lorsqu&#8217;il est install\u00e9 et acquis par des entit\u00e9s diff\u00e9rentes).<\/p>\n\n\n\n<div style=\"height:5px\" aria-hidden=\"true\" class=\"wp-block-spacer\"><\/div>\n\n\n\n<p style=\"padding-right:var(--wp--preset--spacing--5);padding-left:var(--wp--preset--spacing--5)\"><strong>Voici les cookies utilis\u00e9s par notre site :<\/strong><br>\u2013 Cookies strictement n\u00e9cessaires<br>\u2013 Cookies statistiques<br>\u2013 Cookies exp\u00e9rience<br>\u2013 Cookies s\u00e9curit\u00e9<\/p>\n\n\n\n<div style=\"height:40px\" aria-hidden=\"true\" class=\"wp-block-spacer\"><\/div>\n","protected":false},"excerpt":{"rendered":"<p>Politique de Confidentialit\u00e9 La Basilique San Zeno poss\u00e8de le guide audio myMuseum cr\u00e9\u00e9 par lineadacqua. TRAITEMENT DES DONN\u00c9ES PERSONNELLES Lors de l&#8217;utilisation de l&#8217;application web, les utilisateurs sont inform\u00e9s qu&#8217;AUCUNE donn\u00e9e personnelle ou donn\u00e9e pouvant \u00eatre li\u00e9e \u00e0 l&#8217;utilisateur n&#8217;est trait\u00e9e, y compris par l&#8217;utilisation de cookies. DONN\u00c9ES DE NAVIGATION Les syst\u00e8mes informatiques et les [&hellip;]<\/p>\n","protected":false},"author":4,"featured_media":0,"parent":0,"menu_order":0,"comment_status":"closed","ping_status":"closed","template":"","meta":{"_acf_changed":false,"footnotes":""},"class_list":["post-416","page","type-page","status-publish","hentry"],"acf":[],"_links":{"self":[{"href":"https:\/\/mu.mymuseum.it\/basilicadisanzeno\/wp-json\/wp\/v2\/pages\/416","targetHints":{"allow":["GET"]}}],"collection":[{"href":"https:\/\/mu.mymuseum.it\/basilicadisanzeno\/wp-json\/wp\/v2\/pages"}],"about":[{"href":"https:\/\/mu.mymuseum.it\/basilicadisanzeno\/wp-json\/wp\/v2\/types\/page"}],"author":[{"embeddable":true,"href":"https:\/\/mu.mymuseum.it\/basilicadisanzeno\/wp-json\/wp\/v2\/users\/4"}],"replies":[{"embeddable":true,"href":"https:\/\/mu.mymuseum.it\/basilicadisanzeno\/wp-json\/wp\/v2\/comments?post=416"}],"version-history":[{"count":1,"href":"https:\/\/mu.mymuseum.it\/basilicadisanzeno\/wp-json\/wp\/v2\/pages\/416\/revisions"}],"predecessor-version":[{"id":417,"href":"https:\/\/mu.mymuseum.it\/basilicadisanzeno\/wp-json\/wp\/v2\/pages\/416\/revisions\/417"}],"wp:attachment":[{"href":"https:\/\/mu.mymuseum.it\/basilicadisanzeno\/wp-json\/wp\/v2\/media?parent=416"}],"curies":[{"name":"wp","href":"https:\/\/api.w.org\/{rel}","templated":true}]}}