{"id":418,"date":"2025-07-29T14:27:33","date_gmt":"2025-07-29T12:27:33","guid":{"rendered":"https:\/\/mu.mymuseum.it\/basilicadisanzeno\/?page_id=418"},"modified":"2025-07-31T10:49:51","modified_gmt":"2025-07-31T08:49:51","slug":"privacy-policy-es","status":"publish","type":"page","link":"https:\/\/mu.mymuseum.it\/basilicadisanzeno\/es\/privacy-policy-es\/","title":{"rendered":"Privacy policy es"},"content":{"rendered":"\n<div style=\"height:20px\" aria-hidden=\"true\" class=\"wp-block-spacer\"><\/div>\n\n\n\n<h1 class=\"wp-block-heading has-text-color has-text-title-font-size\" style=\"color:var(--wp--preset--color--foreground);padding-right:var(--wp--preset--spacing--5);padding-left:var(--wp--preset--spacing--5)\">Privacy policy<\/h1>\n\n\n\n<div style=\"height:15px\" aria-hidden=\"true\" class=\"wp-block-spacer\"><\/div>\n\n\n\n<p style=\"padding-right:var(--wp--preset--spacing--5);padding-left:var(--wp--preset--spacing--5)\">La Iglesia de San Zeno es propietaria de la audiogu\u00eda myMuseum creada por lineadacqua<\/p>\n\n\n\n<div style=\"height:15px\" aria-hidden=\"true\" class=\"wp-block-spacer\"><\/div>\n\n\n\n<h2 class=\"wp-block-heading\" style=\"padding-right:var(--wp--preset--spacing--5);padding-left:var(--wp--preset--spacing--5)\"><strong>TRATAMIENTO DE DATOS PERSONALES<\/strong><\/h2>\n\n\n\n<div style=\"height:5px\" aria-hidden=\"true\" class=\"wp-block-spacer\"><\/div>\n\n\n\n<p style=\"padding-right:var(--wp--preset--spacing--5);padding-left:var(--wp--preset--spacing--5)\">Al utilizar la aplicaci\u00f3n web, se informa a los usuarios que NO se procesan datos personales ni datos que puedan vincularse al usuario, incluso mediante el uso de cookies.<\/p>\n\n\n\n<div style=\"height:15px\" aria-hidden=\"true\" class=\"wp-block-spacer\"><\/div>\n\n\n\n<h2 class=\"wp-block-heading\" style=\"padding-right:var(--wp--preset--spacing--5);padding-left:var(--wp--preset--spacing--5)\"><strong>DATOS DE NAVEGACI\u00d3N<\/strong><\/h2>\n\n\n\n<div style=\"height:5px\" aria-hidden=\"true\" class=\"wp-block-spacer\"><\/div>\n\n\n\n<p style=\"padding-right:var(--wp--preset--spacing--5);padding-left:var(--wp--preset--spacing--5)\">Los sistemas inform\u00e1ticos y los procedimientos de software que se encargan del funcionamiento de este sitio web adquieren, durante su operaci\u00f3n normal, ciertos&nbsp;<strong>datos de forma an\u00f3nima<\/strong>&nbsp;cuya transmisi\u00f3n es impl\u00edcita en el uso de los protocolos de comunicaci\u00f3n de Internet.<\/p>\n\n\n\n<p style=\"padding-right:var(--wp--preset--spacing--5);padding-left:var(--wp--preset--spacing--5)\">Se trata de informaci\u00f3n que no se recopila para ser asociada con interesados identificados y que no puede dar lugar a asociaciones que permitan&nbsp;<strong>identificar a los usuarios<\/strong>, ni siquiera con datos en poder de terceros.<\/p>\n\n\n\n<p style=\"padding-right:var(--wp--preset--spacing--5);padding-left:var(--wp--preset--spacing--5)\">En esta categor\u00eda de datos se incluyen las&nbsp;<strong>direcciones IP<\/strong>&nbsp;o los nombres de dominio de los ordenadores utilizados por los usuarios que se conectan al sitio, las direcciones en notaci\u00f3n URI (Uniform Resource Identifier) de los recursos solicitados, la hora de la solicitud, el m\u00e9todo utilizado para enviar la solicitud al servidor, el tama\u00f1o del archivo obtenido en respuesta, el c\u00f3digo num\u00e9rico que indica el estado de la respuesta del servidor (\u00e9xito, error, etc.) y otros par\u00e1metros relacionados con el sistema operativo y el entorno inform\u00e1tico del usuario.<\/p>\n\n\n\n<p style=\"padding-right:var(--wp--preset--spacing--5);padding-left:var(--wp--preset--spacing--5)\">Estos datos se utilizan con el \u00fanico fin de obtener&nbsp;<strong>informaci\u00f3n estad\u00edstica an\u00f3nima<\/strong>&nbsp;sobre el uso del sitio y para verificar su correcto funcionamiento.<\/p>\n\n\n\n<p style=\"padding-right:var(--wp--preset--spacing--5);padding-left:var(--wp--preset--spacing--5)\">Los datos podr\u00edan utilizarse para el&nbsp;<strong>establecimiento de responsabilidades<\/strong>&nbsp;en caso de hipot\u00e9ticos delitos inform\u00e1ticos contra el sitio.<\/p>\n\n\n\n<p style=\"padding-right:var(--wp--preset--spacing--5);padding-left:var(--wp--preset--spacing--5)\">En particular, se trata de los siguientes&nbsp;<strong>datos an\u00f3nimos y agregados<\/strong>:<\/p>\n\n\n\n<ul class=\"wp-block-list\">\n<li style=\"padding-right:var(--wp--preset--spacing--5);padding-left:var(--wp--preset--spacing--5)\">Idioma elegido<\/li>\n\n\n\n<li style=\"padding-right:var(--wp--preset--spacing--5);padding-left:var(--wp--preset--spacing--5)\">Contenidos utilizados<\/li>\n\n\n\n<li style=\"padding-right:var(--wp--preset--spacing--5);padding-left:var(--wp--preset--spacing--5)\">Tiempo de uso<\/li>\n<\/ul>\n\n\n\n<p style=\"padding-right:var(--wp--preset--spacing--5);padding-left:var(--wp--preset--spacing--5)\">El museo tambi\u00e9n podr\u00e1 acceder a estos mismos datos con los mismos fines estad\u00edsticos.<\/p>\n\n\n\n<div style=\"height:15px\" aria-hidden=\"true\" class=\"wp-block-spacer\"><\/div>\n\n\n\n<h2 class=\"wp-block-heading\" style=\"padding-right:var(--wp--preset--spacing--5);padding-left:var(--wp--preset--spacing--5)\"><strong>La Gesti\u00f3n de Cookies<\/strong><\/h2>\n\n\n\n<div style=\"height:5px\" aria-hidden=\"true\" class=\"wp-block-spacer\"><\/div>\n\n\n\n<h3 class=\"wp-block-heading\" style=\"padding-right:var(--wp--preset--spacing--5);padding-left:var(--wp--preset--spacing--5)\"><em>COOKIE<\/em><\/h3>\n\n\n\n<p style=\"padding-right:var(--wp--preset--spacing--5);padding-left:var(--wp--preset--spacing--5)\">Las&nbsp;<strong>cookies<\/strong>&nbsp;son peque\u00f1as cadenas de texto que los sitios web visitados por el usuario env\u00edan a su terminal, donde se almacenan para ser retransmitidas a los mismos sitios en la siguiente visita del mismo usuario. Durante la navegaci\u00f3n, el usuario tambi\u00e9n puede recibir en su terminal cookies enviadas por p\u00e1ginas web diferentes (v\u00e9ase Providencia Garante de la Privacidad del 8 de mayo de 2014, n.\u00ba 229).<\/p>\n\n\n\n<p style=\"padding-right:var(--wp--preset--spacing--5);padding-left:var(--wp--preset--spacing--5)\">Para lograr una correcta regulaci\u00f3n de estos dispositivos, es necesario distinguirlos seg\u00fan las finalidades perseguidas por quien los utiliza.<\/p>\n\n\n\n<div style=\"height:10px\" aria-hidden=\"true\" class=\"wp-block-spacer\"><\/div>\n\n\n\n<h3 class=\"wp-block-heading\" style=\"padding-right:var(--wp--preset--spacing--5);padding-left:var(--wp--preset--spacing--5)\"><em>COOKIES T\u00c9CNICAS<\/em><\/h3>\n\n\n\n<p style=\"padding-right:var(--wp--preset--spacing--5);padding-left:var(--wp--preset--spacing--5)\">Las&nbsp;<strong>cookies t\u00e9cnicas<\/strong>&nbsp;son aquellas utilizadas con el \u00fanico fin de &#8220;efectuar la transmisi\u00f3n de una comunicaci\u00f3n a trav\u00e9s de una red de comunicaci\u00f3n electr\u00f3nica, o en la medida estrictamente necesaria para que el proveedor de un servicio de la sociedad de la informaci\u00f3n solicitado expl\u00edcitamente por el abonado o el usuario preste dicho servicio&#8221; (v\u00e9ase art. 122, p\u00e1rrafo 1, del C\u00f3digo y Providencia n.\u00ba 229\/2014).<\/p>\n\n\n\n<p style=\"padding-right:var(--wp--preset--spacing--5);padding-left:var(--wp--preset--spacing--5)\">Pueden consistir en&nbsp;<strong>cookies de navegaci\u00f3n o de sesi\u00f3n<\/strong>, que garantizan la navegaci\u00f3n y el uso normales del sitio web (permitiendo, por ejemplo, realizar una compra o autenticarse para acceder a \u00e1reas reservadas).<\/p>\n\n\n\n<p style=\"padding-right:var(--wp--preset--spacing--5);padding-left:var(--wp--preset--spacing--5)\">Para la instalaci\u00f3n de estas cookies&nbsp;<strong>no se requiere el consentimiento previo<\/strong>&nbsp;de los usuarios.<\/p>\n\n\n\n<div style=\"height:10px\" aria-hidden=\"true\" class=\"wp-block-spacer\"><\/div>\n\n\n\n<h3 class=\"wp-block-heading\" style=\"padding-right:var(--wp--preset--spacing--5);padding-left:var(--wp--preset--spacing--5)\"><em>COOKIES DE PERFILADO<\/em><\/h3>\n\n\n\n<p style=\"padding-right:var(--wp--preset--spacing--5);padding-left:var(--wp--preset--spacing--5)\">Las&nbsp;<strong>cookies de perfilado<\/strong>&nbsp;tienen como objetivo crear perfiles relativos al usuario y se utilizan para enviar mensajes publicitarios acordes con las preferencias manifestadas durante la navegaci\u00f3n en la red.<\/p>\n\n\n\n<p style=\"padding-right:var(--wp--preset--spacing--5);padding-left:var(--wp--preset--spacing--5)\">Dada su invasividad,&nbsp;<strong>se requiere el consentimiento previo<\/strong>&nbsp;del usuario para su instalaci\u00f3n, tal como lo establece el art. 122 del C\u00f3digo.<\/p>\n\n\n\n<div style=\"height:10px\" aria-hidden=\"true\" class=\"wp-block-spacer\"><\/div>\n\n\n\n<h3 class=\"wp-block-heading\" style=\"padding-right:var(--wp--preset--spacing--5);padding-left:var(--wp--preset--spacing--5)\"><em>COOKIES ANAL\u00cdTICAS<\/em><\/h3>\n\n\n\n<p style=\"padding-right:var(--wp--preset--spacing--5);padding-left:var(--wp--preset--spacing--5)\">Sirven para&nbsp;<strong>monitorear el uso de la p\u00e1gina web<\/strong>&nbsp;por parte de los usuarios, proporcionando informes estad\u00edsticos que pueden apoyar al editor del sitio en su optimizaci\u00f3n. Una de las herramientas m\u00e1s utilizadas para el an\u00e1lisis web es &#8220;Matomo&#8221;, un servicio a trav\u00e9s del cual es posible recopilar estad\u00edsticas de navegaci\u00f3n. La Autoridad Garante ha aclarado que estas cookies pueden clasificarse como t\u00e9cnicas siempre que se anonimice (incluso parcialmente) la direcci\u00f3n IP y se eliminen los intercambios de informaci\u00f3n. En caso contrario, este tipo de cookies se asocian a las de perfilado.<\/p>\n\n\n\n<p style=\"padding-right:var(--wp--preset--spacing--5);padding-left:var(--wp--preset--spacing--5)\">La empresa tambi\u00e9n ha anonimizado parcialmente la direcci\u00f3n IP del usuario y ha reducido los datos a los que Matomo puede acceder a trav\u00e9s de sus herramientas.<\/p>\n\n\n\n<p style=\"padding-right:var(--wp--preset--spacing--5);padding-left:var(--wp--preset--spacing--5)\">Cada tipo de cookie puede ser de&nbsp;<strong>primera parte<\/strong>&nbsp;(es decir, tratadas y gestionadas directamente por el propietario del sitio web) o de&nbsp;<strong>terceros<\/strong>&nbsp;(cuando son instaladas y adquiridas por sujetos diferentes).<\/p>\n\n\n\n<div style=\"height:5px\" aria-hidden=\"true\" class=\"wp-block-spacer\"><\/div>\n\n\n\n<p style=\"padding-right:var(--wp--preset--spacing--5);padding-left:var(--wp--preset--spacing--5)\">Aqu\u00ed las cookies utilizadas por nuestro sitio:<\/p>\n\n\n\n<p style=\"padding-right:var(--wp--preset--spacing--5);padding-left:var(--wp--preset--spacing--5)\">Cookies de seguridad<\/p>\n\n\n\n<p style=\"padding-right:var(--wp--preset--spacing--5);padding-left:var(--wp--preset--spacing--5)\">Cookies estrictamente necesarias<\/p>\n\n\n\n<p style=\"padding-right:var(--wp--preset--spacing--5);padding-left:var(--wp--preset--spacing--5)\">Cookies estad\u00edsticas<\/p>\n\n\n\n<p style=\"padding-right:var(--wp--preset--spacing--5);padding-left:var(--wp--preset--spacing--5)\">Cookies de experiencia<\/p>\n\n\n\n<div style=\"height:60px\" aria-hidden=\"true\" class=\"wp-block-spacer\"><\/div>\n","protected":false},"excerpt":{"rendered":"<p>Privacy policy La Iglesia de San Zeno es propietaria de la audiogu\u00eda myMuseum creada por lineadacqua TRATAMIENTO DE DATOS PERSONALES Al utilizar la aplicaci\u00f3n web, se informa a los usuarios que NO se procesan datos personales ni datos que puedan vincularse al usuario, incluso mediante el uso de cookies. DATOS DE NAVEGACI\u00d3N Los sistemas inform\u00e1ticos [&hellip;]<\/p>\n","protected":false},"author":4,"featured_media":0,"parent":0,"menu_order":0,"comment_status":"closed","ping_status":"closed","template":"","meta":{"_acf_changed":false,"footnotes":""},"class_list":["post-418","page","type-page","status-publish","hentry"],"acf":[],"_links":{"self":[{"href":"https:\/\/mu.mymuseum.it\/basilicadisanzeno\/wp-json\/wp\/v2\/pages\/418","targetHints":{"allow":["GET"]}}],"collection":[{"href":"https:\/\/mu.mymuseum.it\/basilicadisanzeno\/wp-json\/wp\/v2\/pages"}],"about":[{"href":"https:\/\/mu.mymuseum.it\/basilicadisanzeno\/wp-json\/wp\/v2\/types\/page"}],"author":[{"embeddable":true,"href":"https:\/\/mu.mymuseum.it\/basilicadisanzeno\/wp-json\/wp\/v2\/users\/4"}],"replies":[{"embeddable":true,"href":"https:\/\/mu.mymuseum.it\/basilicadisanzeno\/wp-json\/wp\/v2\/comments?post=418"}],"version-history":[{"count":2,"href":"https:\/\/mu.mymuseum.it\/basilicadisanzeno\/wp-json\/wp\/v2\/pages\/418\/revisions"}],"predecessor-version":[{"id":657,"href":"https:\/\/mu.mymuseum.it\/basilicadisanzeno\/wp-json\/wp\/v2\/pages\/418\/revisions\/657"}],"wp:attachment":[{"href":"https:\/\/mu.mymuseum.it\/basilicadisanzeno\/wp-json\/wp\/v2\/media?parent=418"}],"curies":[{"name":"wp","href":"https:\/\/api.w.org\/{rel}","templated":true}]}}