{"id":420,"date":"2025-07-29T14:28:09","date_gmt":"2025-07-29T12:28:09","guid":{"rendered":"https:\/\/mu.mymuseum.it\/basilicadisanzeno\/?page_id=420"},"modified":"2025-11-14T12:52:57","modified_gmt":"2025-11-14T11:52:57","slug":"privacy-policy-de","status":"publish","type":"page","link":"https:\/\/mu.mymuseum.it\/basilicadisanzeno\/de\/privacy-policy-de\/","title":{"rendered":"Privacy policy de"},"content":{"rendered":"\n<div style=\"height:20px\" aria-hidden=\"true\" class=\"wp-block-spacer\"><\/div>\n\n\n\n<h1 class=\"wp-block-heading has-text-color has-text-title-font-size\" style=\"color:var(--wp--preset--color--foreground);padding-right:var(--wp--preset--spacing--5);padding-left:var(--wp--preset--spacing--5)\">Privacy policy<\/h1>\n\n\n\n<div style=\"height:15px\" aria-hidden=\"true\" class=\"wp-block-spacer\"><\/div>\n\n\n\n<p style=\"padding-right:var(--wp--preset--spacing--5);padding-left:var(--wp--preset--spacing--5)\">Die San Zeno Kirche ist Eigent\u00fcmer des myMuseum-Audioguides, der von lineadacqua erstellt wurde.<\/p>\n\n\n\n<div style=\"height:15px\" aria-hidden=\"true\" class=\"wp-block-spacer\"><\/div>\n\n\n\n<h2 class=\"wp-block-heading\" style=\"padding-right:var(--wp--preset--spacing--5);padding-left:var(--wp--preset--spacing--5)\"><strong>VERARBEITUNG PERSONENBEZOGENER DATEN<\/strong><\/h2>\n\n\n\n<div style=\"height:5px\" aria-hidden=\"true\" class=\"wp-block-spacer\"><\/div>\n\n\n\n<p style=\"padding-right:var(--wp--preset--spacing--5);padding-left:var(--wp--preset--spacing--5)\">Bei der Nutzung der Web-App werden die Nutzer dar\u00fcber informiert, dass KEINE personenbezogenen Daten oder Daten, die mit dem Nutzer verkn\u00fcpft werden k\u00f6nnten, verarbeitet werden, auch nicht durch die Verwendung von Cookies.<\/p>\n\n\n\n<div style=\"height:15px\" aria-hidden=\"true\" class=\"wp-block-spacer\"><\/div>\n\n\n\n<h2 class=\"wp-block-heading\" style=\"padding-right:var(--wp--preset--spacing--5);padding-left:var(--wp--preset--spacing--5)\"><strong>BROWSEDATEN<\/strong><\/h2>\n\n\n\n<div style=\"height:5px\" aria-hidden=\"true\" class=\"wp-block-spacer\"><\/div>\n\n\n\n<p style=\"padding-right:var(--wp--preset--spacing--5);padding-left:var(--wp--preset--spacing--5)\">Die&nbsp;<strong>IT-Systeme und Software-Verfahren<\/strong>, die f\u00fcr den Betrieb dieser Website zust\u00e4ndig sind, erfassen im Rahmen ihres normalen Betriebs&nbsp;<strong>anonyme Daten<\/strong>, deren \u00dcbertragung implizit in der Nutzung der Internet-Kommunikationsprotokolle liegt.<\/p>\n\n\n\n<p style=\"padding-right:var(--wp--preset--spacing--5);padding-left:var(--wp--preset--spacing--5)\">Dabei handelt es sich um Informationen, die&nbsp;<strong>nicht erfasst werden, um identifizierten betroffenen Personen zugeordnet zu werden<\/strong>, und die auch in Verbindung mit Daten Dritter&nbsp;<strong>keine R\u00fcckschl\u00fcsse auf die Identit\u00e4t der Nutzer<\/strong>zulassen.<\/p>\n\n\n\n<p style=\"padding-right:var(--wp--preset--spacing--5);padding-left:var(--wp--preset--spacing--5)\">In diese Datenkategorie fallen&nbsp;<strong>IP-Adressen<\/strong>&nbsp;oder Domain-Namen der Computer, die von Nutzern beim Zugriff auf die Website verwendet werden,&nbsp;<strong>URI-Adressen (Uniform Resource Identifier)<\/strong>&nbsp;der angeforderten Ressourcen, der Zeitpunkt der Anfrage, die Methode, mit der die Anfrage an den Server \u00fcbermittelt wurde, die Gr\u00f6\u00dfe der empfangenen Antwortdatei, der numerische Code, der den Status der Serverantwort angibt (Erfolg, Fehler usw.), sowie andere Parameter, die sich auf das Betriebssystem und die IT-Umgebung des Nutzers beziehen.<\/p>\n\n\n\n<p style=\"padding-right:var(--wp--preset--spacing--5);padding-left:var(--wp--preset--spacing--5)\">Diese Daten werden ausschlie\u00dflich verwendet, um&nbsp;<strong>anonyme statistische Informationen<\/strong>&nbsp;\u00fcber die Nutzung der Website zu erhalten und deren korrekte Funktionsweise zu \u00fcberpr\u00fcfen.<\/p>\n\n\n\n<p style=\"padding-right:var(--wp--preset--spacing--5);padding-left:var(--wp--preset--spacing--5)\">Die Daten k\u00f6nnten zur&nbsp;<strong>Feststellung von Verantwortlichkeiten<\/strong>&nbsp;im Falle hypothetischer Computerkriminalit\u00e4t zum Nachteil der Website verwendet werden.<\/p>\n\n\n\n<p style=\"padding-right:var(--wp--preset--spacing--5);padding-left:var(--wp--preset--spacing--5)\">Insbesondere handelt es sich um die folgenden&nbsp;<strong>anonymen und aggregierten Daten<\/strong>:<\/p>\n\n\n\n<ul class=\"wp-block-list\">\n<li style=\"padding-right:var(--wp--preset--spacing--5);padding-left:var(--wp--preset--spacing--5)\">Gew\u00e4hlte Sprache<\/li>\n\n\n\n<li style=\"padding-right:var(--wp--preset--spacing--5);padding-left:var(--wp--preset--spacing--5)\">Genutzte Inhalte<\/li>\n\n\n\n<li style=\"padding-right:var(--wp--preset--spacing--5);padding-left:var(--wp--preset--spacing--5)\">Nutzungsdauer<\/li>\n<\/ul>\n\n\n\n<p style=\"padding-right:var(--wp--preset--spacing--5);padding-left:var(--wp--preset--spacing--5)\">Auch das Museum hat f\u00fcr dieselben statistischen Zwecke Zugang zu diesen Daten.<\/p>\n\n\n\n<div style=\"height:15px\" aria-hidden=\"true\" class=\"wp-block-spacer\"><\/div>\n\n\n\n<h2 class=\"wp-block-heading\" style=\"padding-right:var(--wp--preset--spacing--5);padding-left:var(--wp--preset--spacing--5)\"><strong>Die Verwaltung von Cookies<\/strong><\/h2>\n\n\n\n<div style=\"height:5px\" aria-hidden=\"true\" class=\"wp-block-spacer\"><\/div>\n\n\n\n<h3 class=\"wp-block-heading\" style=\"padding-right:var(--wp--preset--spacing--5);padding-left:var(--wp--preset--spacing--5)\"><em>COOKIE<\/em><\/h3>\n\n\n\n<p style=\"padding-right:var(--wp--preset--spacing--5);padding-left:var(--wp--preset--spacing--5)\"><strong>Cookies<\/strong>&nbsp;sind kleine Textzeichenfolgen, die von den vom Nutzer besuchten Websites an dessen Endger\u00e4t gesendet und dort gespeichert werden, um bei einem sp\u00e4teren Besuch des Nutzers an dieselben Websites zur\u00fcckgesendet zu werden. W\u00e4hrend der Navigation kann der Nutzer auf seinem Endger\u00e4t auch Cookies empfangen, die von anderen Webseiten gesendet werden (vgl. Beschluss der Datenschutzbeh\u00f6rde vom 8. Mai 2014, Nr. 229).<\/p>\n\n\n\n<p style=\"padding-right:var(--wp--preset--spacing--5);padding-left:var(--wp--preset--spacing--5)\">Um eine korrekte Regulierung dieser Mechanismen zu gew\u00e4hrleisten, ist es notwendig, sie nach den Zielen zu unterscheiden, die von demjenigen verfolgt werden, der sie verwendet.<\/p>\n\n\n\n<div style=\"height:10px\" aria-hidden=\"true\" class=\"wp-block-spacer\"><\/div>\n\n\n\n<h3 class=\"wp-block-heading\" style=\"padding-right:var(--wp--preset--spacing--5);padding-left:var(--wp--preset--spacing--5)\"><em>TECHNISCHE COOKIES<\/em><\/h3>\n\n\n\n<p style=\"padding-right:var(--wp--preset--spacing--5);padding-left:var(--wp--preset--spacing--5)\"><strong>Technische Cookies<\/strong>&nbsp;sind solche, die ausschlie\u00dflich dazu verwendet werden, &#8220;die \u00dcbertragung einer Kommunikation \u00fcber ein elektronisches Kommunikationsnetz durchzuf\u00fchren oder in dem Umfang, der unbedingt erforderlich ist, damit ein Anbieter eines Dienstes der Informationsgesellschaft, der vom Abonnenten oder Nutzer ausdr\u00fccklich angefordert wurde, diesen Dienst erbringt&#8221; (vgl. Art. 122, Absatz 1, des Gesetzes und Beschluss Nr. 229\/2014).<\/p>\n\n\n\n<p>Sie k\u00f6nnen aus&nbsp;<strong>Navigations- oder Sitzungscookies<\/strong>&nbsp;bestehen, die die normale Navigation und Nutzung der Website gew\u00e4hrleisten (indem sie z.B. einen Kauf erm\u00f6glichen oder die Authentifizierung f\u00fcr den Zugang zu gesch\u00fctzten Bereichen).<\/p>\n\n\n\n<p style=\"padding-right:var(--wp--preset--spacing--5);padding-left:var(--wp--preset--spacing--5)\">F\u00fcr die Installation dieser Cookies ist&nbsp;<strong>keine vorherige Zustimmung<\/strong>&nbsp;der Nutzer erforderlich.<\/p>\n\n\n\n<div style=\"height:10px\" aria-hidden=\"true\" class=\"wp-block-spacer\"><\/div>\n\n\n\n<h3 class=\"wp-block-heading\" style=\"padding-right:var(--wp--preset--spacing--5);padding-left:var(--wp--preset--spacing--5)\"><em>PROFILING-COOKIES<\/em><\/h3>\n\n\n\n<p style=\"padding-right:var(--wp--preset--spacing--5);padding-left:var(--wp--preset--spacing--5)\"><strong>Profiling-Cookies<\/strong>&nbsp;dienen dazu, Profile des Nutzers zu erstellen und werden verwendet, um Werbebotschaften zu senden, die den bei der Online-Navigation ge\u00e4u\u00dferten Pr\u00e4ferenzen entsprechen.<\/p>\n\n\n\n<p style=\"padding-right:var(--wp--preset--spacing--5);padding-left:var(--wp--preset--spacing--5)\">Aufgrund ihrer Invasivit\u00e4t ist f\u00fcr ihre Installation die&nbsp;<strong>vorherige Zustimmung<\/strong>&nbsp;des Nutzers erforderlich, wie in Art. 122 des Gesetzes vorgesehen.<\/p>\n\n\n\n<div style=\"height:10px\" aria-hidden=\"true\" class=\"wp-block-spacer\"><\/div>\n\n\n\n<h3 class=\"wp-block-heading\" style=\"padding-right:var(--wp--preset--spacing--5);padding-left:var(--wp--preset--spacing--5)\"><em>ANALYTISCHE COOKIES<\/em><\/h3>\n\n\n\n<p style=\"padding-right:var(--wp--preset--spacing--5);padding-left:var(--wp--preset--spacing--5)\">Sie dienen dazu, die&nbsp;<strong>Nutzung der Webseite durch die Nutzer zu \u00fcberwachen<\/strong>, indem sie statistische Berichte liefern, die den Website-Betreiber bei der Optimierung unterst\u00fctzen k\u00f6nnen. Eines der am h\u00e4ufigsten verwendeten Tools f\u00fcr Webanalysen ist &#8220;Matomo&#8221;, ein Dienst, \u00fcber den Navigationsstatistiken gesammelt werden k\u00f6nnen. Die Datenschutzbeh\u00f6rde hat klargestellt, dass diese Cookies als technische Cookies einzustufen sind, wenn die IP-Adresse (auch teilweise) anonymisiert und der Informationsaustausch unterbunden wird. Andernfalls werden diese Arten von Cookies als Profiling-Cookies eingestuft.<\/p>\n\n\n\n<p>Das Unternehmen hat au\u00dferdem die IP-Adresse des Nutzers teilweise anonymisiert und die Daten, auf die Matomo \u00fcber seine Tools zugreifen kann, reduziert.<\/p>\n\n\n\n<p style=\"padding-right:var(--wp--preset--spacing--5);padding-left:var(--wp--preset--spacing--5)\">Jede Art von Cookie kann&nbsp;<strong>Erstanbieter-Cookies<\/strong>&nbsp;(d.h. direkt vom Website-Eigent\u00fcmer verarbeitet und verwaltet) oder&nbsp;<strong>Drittanbieter-Cookies<\/strong>&nbsp;sein (wenn sie von anderen Parteien installiert und erfasst werden). Hier sind die von unserer Website verwendeten Cookies:<\/p>\n\n\n\n<p style=\"padding-right:var(--wp--preset--spacing--5);padding-left:var(--wp--preset--spacing--5)\">Sicherheits-Cookies<\/p>\n\n\n\n<p style=\"padding-right:var(--wp--preset--spacing--5);padding-left:var(--wp--preset--spacing--5)\">Unbedingt notwendige Cookies<\/p>\n\n\n\n<p style=\"padding-right:var(--wp--preset--spacing--5);padding-left:var(--wp--preset--spacing--5)\">Statistik-Cookies<\/p>\n\n\n\n<p style=\"padding-right:var(--wp--preset--spacing--5);padding-left:var(--wp--preset--spacing--5)\">Erlebnis-Cookies<\/p>\n\n\n\n<div style=\"height:5px\" aria-hidden=\"true\" class=\"wp-block-spacer\"><\/div>\n\n\n\n<p style=\"padding-right:var(--wp--preset--spacing--5);padding-left:var(--wp--preset--spacing--5)\"><\/p>\n\n\n\n<div style=\"height:60px\" aria-hidden=\"true\" class=\"wp-block-spacer\"><\/div>\n","protected":false},"excerpt":{"rendered":"<p>Privacy policy Die San Zeno Kirche ist Eigent\u00fcmer des myMuseum-Audioguides, der von lineadacqua erstellt wurde. VERARBEITUNG PERSONENBEZOGENER DATEN Bei der Nutzung der Web-App werden die Nutzer dar\u00fcber informiert, dass KEINE personenbezogenen Daten oder Daten, die mit dem Nutzer verkn\u00fcpft werden k\u00f6nnten, verarbeitet werden, auch nicht durch die Verwendung von Cookies. BROWSEDATEN Die&nbsp;IT-Systeme und Software-Verfahren, die [&hellip;]<\/p>\n","protected":false},"author":4,"featured_media":0,"parent":0,"menu_order":0,"comment_status":"closed","ping_status":"closed","template":"","meta":{"_acf_changed":false,"footnotes":""},"class_list":["post-420","page","type-page","status-publish","hentry"],"acf":[],"_links":{"self":[{"href":"https:\/\/mu.mymuseum.it\/basilicadisanzeno\/wp-json\/wp\/v2\/pages\/420","targetHints":{"allow":["GET"]}}],"collection":[{"href":"https:\/\/mu.mymuseum.it\/basilicadisanzeno\/wp-json\/wp\/v2\/pages"}],"about":[{"href":"https:\/\/mu.mymuseum.it\/basilicadisanzeno\/wp-json\/wp\/v2\/types\/page"}],"author":[{"embeddable":true,"href":"https:\/\/mu.mymuseum.it\/basilicadisanzeno\/wp-json\/wp\/v2\/users\/4"}],"replies":[{"embeddable":true,"href":"https:\/\/mu.mymuseum.it\/basilicadisanzeno\/wp-json\/wp\/v2\/comments?post=420"}],"version-history":[{"count":4,"href":"https:\/\/mu.mymuseum.it\/basilicadisanzeno\/wp-json\/wp\/v2\/pages\/420\/revisions"}],"predecessor-version":[{"id":1283,"href":"https:\/\/mu.mymuseum.it\/basilicadisanzeno\/wp-json\/wp\/v2\/pages\/420\/revisions\/1283"}],"wp:attachment":[{"href":"https:\/\/mu.mymuseum.it\/basilicadisanzeno\/wp-json\/wp\/v2\/media?parent=420"}],"curies":[{"name":"wp","href":"https:\/\/api.w.org\/{rel}","templated":true}]}}