{"id":579,"date":"2025-07-30T12:07:53","date_gmt":"2025-07-30T10:07:53","guid":{"rendered":"https:\/\/mu.mymuseum.it\/basilicadisanzeno\/?page_id=579"},"modified":"2025-09-08T10:23:37","modified_gmt":"2025-09-08T08:23:37","slug":"aspectos-historicos","status":"publish","type":"page","link":"https:\/\/mu.mymuseum.it\/basilicadisanzeno\/es\/introduccion-a-la-iglesia\/aspectos-historicos\/","title":{"rendered":"Aspectos hist\u00f3ricos"},"content":{"rendered":"\n<div style=\"height:20px\" aria-hidden=\"true\" class=\"wp-block-spacer\"><\/div>\n\n\n<div style=\"margin-right: var(--wp--preset--spacing--5);margin-left: var(--wp--preset--spacing--5); margin-right:var(--wp--preset--spacing--5);margin-left:var(--wp--preset--spacing--5);\" class=\"has-overflow-hidden has-rounded-xl has-block  has-overflow-hidden has-rounded-xl wp-block-eionext-tile-image\" >\n\t\n\n<figure class=\"wp-block-image size-tile-regular\"><img data-dominant-color=\"907461\" data-has-transparency=\"false\" style=\"--dominant-color: #907461;\" loading=\"lazy\" decoding=\"async\" width=\"960\" height=\"650\" sizes=\"auto, (max-width: 840px) 100vw, 840px\" src=\"https:\/\/mu.mymuseum.it\/basilicadisanzeno\/wp-content\/uploads\/sites\/91\/2025\/09\/Introduzione-e-cenni-storici-6-960x650.jpg\" alt=\"\" class=\"wp-image-1093 not-transparent\"\/><\/figure>\n\n<\/div>\n\n\n<div style=\"height:20px\" aria-hidden=\"true\" class=\"wp-block-spacer\"><\/div>\n\n\n<div style=\"padding-top: var(--wp--preset--spacing--5);padding-bottom: var(--wp--preset--spacing--5);margin-right: var(--wp--preset--spacing--5);margin-left: var(--wp--preset--spacing--5);background-color: var(--wp--preset--color--background); background-color:var(--wp--preset--color--background); padding-top:var(--wp--preset--spacing--5);padding-bottom:var(--wp--preset--spacing--5);margin-right:var(--wp--preset--spacing--5);margin-left:var(--wp--preset--spacing--5);\" class=\"has-border-b-2 has-border-panel has-border-b-2 has-border-panel wp-block-eionext-tile-header has-background\" >\n\t\n<div class=\"wp-bootstrap-blocks-container container-fluid mb-0 px-0\">\n\t\n<div class=\"wp-bootstrap-blocks-row row gx-0 gy-0\">\n\t\n\n<div class=\"col-12\">\n\t\t\t\n\n<h1 class=\"wp-block-heading has-text-color has-text-title-font-size\" style=\"color:var(--wp--preset--color--foreground)\">Aspectos hist\u00f3ricos<\/h1>\n\n\t<\/div>\n\n<\/div>\n\n<\/div>\n\n<\/div>\n\n\n<div style=\"margin-top: var(--wp--preset--spacing--5);margin-right: var(--wp--preset--spacing--5);margin-bottom: var(--wp--preset--spacing--5);margin-left: var(--wp--preset--spacing--5);background-color: var(--wp--preset--color--panel); opacity:0; background-color:var(--wp--preset--color--panel); margin-top:var(--wp--preset--spacing--5);margin-right:var(--wp--preset--spacing--5);margin-bottom:var(--wp--preset--spacing--5);margin-left:var(--wp--preset--spacing--5);\" class=\"has-overflow-hidden has-rounded-xl player-is-stop has-overflow-hidden has-rounded-xl wp-block-eionext-tile-player-audio has-background\" id=\"block-69d02fb90e628\">\n\t<audio class=\"advancedPlayer advanced-player-component audio d-none\" controls data-audio-title=\"Aspectos hist\u00f3ricos\">\n\t\t\t\t\t<source src=\"https:\/\/mu.mymuseum.it\/basilicadisanzeno\/wp-content\/uploads\/sites\/91\/2025\/07\/Aspectos-historicos_1.mp3\" type=\"audio\/mpeg\">\n\t\t\t\tYour browser does not support the audio element.\t<\/audio>\n\n\t<audio class=\"basicPlayer\" style=\"display:none;width:100%;\" controls data-audio-title=\"Aspectos hist\u00f3ricos\">\n\t\t\t\t\t<source src=\"https:\/\/mu.mymuseum.it\/basilicadisanzeno\/wp-content\/uploads\/sites\/91\/2025\/07\/Aspectos-historicos_1.mp3\" type=\"audio\/mpeg\">\n\t\t\t\tYour browser does not support the audio element.\t<\/audio>\n\n\t<div class=\"audio-controls advanced-player-component\">\n\t\t<div class=\"has-flex g-0 has-items-stretch\">\n\t\t\t<div class=\"container-button has-flex has-items-center has-justify-center py-1\" style=\"background-color:var(--wp--preset--color--buttonbackground)\">\n\t\t\t\t<button class=\"control-play has-flex has-items-center has-justify-center\" aria-label=\"Riproduci l'audio\">\n\t\t\t\t\t<svg class=\"has-block has-mx-auto\" width=\"42\" height=\"100%\" viewBox=\"0 0 25 24\" fill=\"none\" xmlns=\"http:\/\/www.w3.org\/2000\/svg\">\n<path d=\"M17.6082 9.28638C19.048 10.1862 19.7678 10.6361 20.0147 11.2122C20.2303 11.7152 20.2303 12.2847 20.0147 12.7878C19.7678 13.3638 19.048 13.8137 17.6082 14.7136L10.846 18.94C9.248 19.9387 8.44902 20.4381 7.78968 20.385C7.21496 20.3388 6.68813 20.0469 6.34435 19.584C5.94995 19.053 5.94995 18.1108 5.94995 16.2264V7.77357C5.94995 5.88919 5.94995 4.94701 6.34435 4.41598C6.68813 3.9531 7.21496 3.66111 7.78968 3.6149C8.44902 3.5619 9.248 4.06126 10.846 5.05998L17.6082 9.28638Z\" stroke=\"var(--wp--preset--color--buttonforeground)\" stroke-width=\"2\" stroke-linejoin=\"round\"\/>\n<\/svg>\t\t\t\t<\/button>\n\t\t\t\t<button class=\"control-pause has-flex has-items-center has-justify-center\" aria-label=\"Pausa\">\n\t\t\t\t\t<svg class=\"has-block has-mx-auto\" width=\"42\" height=\"100%\" viewBox=\"0 0 25 24\" fill=\"none\" xmlns=\"http:\/\/www.w3.org\/2000\/svg\">\n<path d=\"M8.58008 5V19M16.5801 5V19\" stroke=\"var(--wp--preset--color--buttonforeground)\" stroke-width=\"2\" stroke-linecap=\"round\" stroke-linejoin=\"round\"\/>\n<\/svg>\t\t\t\t<\/button>\n\t\t\t\t<button class=\"control-restart has-flex has-items-center has-justify-center\" aria-label=\"Riavvolgi l'audio\">\n\t\t\t\t\t<svg class=\"has-block has-mx-auto\" width=\"42\" height=\"100%\" viewBox=\"0 0 25 24\" fill=\"none\" xmlns=\"http:\/\/www.w3.org\/2000\/svg\">\n<path d=\"M21.7898 3V8M21.7898 8H16.7898M21.7898 8L18.7898 5.29168C17.1975 3.86656 15.0949 3 12.7898 3C7.81923 3 3.78979 7.02944 3.78979 12C3.78979 16.9706 7.81923 21 12.7898 21C17.073 21 20.6573 18.008 21.5668 14\" stroke=\"var(--wp--preset--color--buttonforeground)\" stroke-width=\"2\" stroke-linecap=\"round\" stroke-linejoin=\"round\"\/>\n<\/svg>\t\t\t\t<\/button>\n\t\t\t<\/div>\n\t\t\t<div class=\"ps-3 py-1 has-grow\">\n\t\t\t\t<div>\n\t\t\t\t\t<h2 class=\"audio-title has-text-foreground\">\n\t\t\t\t\t\tAspectos hist\u00f3ricos\t\t\t\t\t<\/h2>\n\t\t\t\t<\/div>\n\t\t\t\t<div class=\" has-flex has-items-center\">\n\t\t\t\t\t<span class=\"has-inline-block has-me-2 has-relative has-bottom-px\">\n\t\t\t\t\t\t<svg class=\"has-inline\" width=\"24px\" height=\"24\" viewBox=\"0 0 25 24\" fill=\"none\" xmlns=\"http:\/\/www.w3.org\/2000\/svg\">\n<path d=\"M21.0461 18.0001V12.0001C21.0461 7.02956 17.0167 3.00012 12.0461 3.00012C7.07558 3.00012 3.04614 7.02956 3.04614 12.0001V18.0001M6.79614 21.0001C6.09916 21.0001 5.75067 21.0001 5.46087 20.9425C4.2708 20.7057 3.3405 19.7754 3.10378 18.5854C3.04614 18.2956 3.04614 17.9471 3.04614 17.2501V15.6001C3.04614 15.04 3.04614 14.76 3.15513 14.5461C3.25101 14.3579 3.40399 14.205 3.59215 14.1091C3.80606 14.0001 4.08609 14.0001 4.64614 14.0001H6.44614C7.00619 14.0001 7.28622 14.0001 7.50013 14.1091C7.68829 14.205 7.84127 14.3579 7.93715 14.5461C8.04614 14.76 8.04614 15.04 8.04614 15.6001V19.7501C8.04614 19.9824 8.04614 20.0986 8.02693 20.1952C7.94802 20.5919 7.63792 20.902 7.24123 20.9809C7.14463 21.0001 7.02847 21.0001 6.79614 21.0001ZM17.2961 21.0001C17.0638 21.0001 16.9476 21.0001 16.851 20.9809C16.4543 20.902 16.1442 20.5919 16.0653 20.1952C16.0461 20.0986 16.0461 19.9824 16.0461 19.7501V15.6001C16.0461 15.04 16.0461 14.76 16.1551 14.5461C16.251 14.3579 16.4039 14.205 16.5921 14.1091C16.806 14.0001 17.086 14.0001 17.6461 14.0001H19.4461C20.0062 14.0001 20.2862 14.0001 20.5001 14.1091C20.6883 14.205 20.8412 14.3579 20.9371 14.5461C21.0461 14.76 21.0461 15.04 21.0461 15.6001V17.2501C21.0461 17.9471 21.0461 18.2956 20.9885 18.5854C20.7517 19.7754 19.8214 20.7057 18.6314 20.9425C18.3416 21.0001 17.9931 21.0001 17.2961 21.0001Z\" stroke=\"var(--wp--preset--color--gray)\" stroke-width=\"2\" stroke-linecap=\"round\" stroke-linejoin=\"round\"\/>\n<\/svg>\t\t\t\t\t<\/span>\n\t\t\t\t\t<span class=\"has-inline-block has-me-2\">\n\t\t\t\t\t\t<span class=\"control-current-time\" style=\"color:var(--wp--preset--color--gray);\">\n\t\t\t\t\t\t\t2:49\t\t\t\t\t\t<\/span>\n\t\t\t\t\t<\/span>\n\t\t\t\t<\/div>\n\t\t\t<\/div>\n\t\t\t<div class=\"has-flex has-justify-end has-pe-3 has-me-3\">\n\t\t\t\t<canvas class=\"oscilloscope\"><\/canvas>\n\t\t\t<\/div>\n\t\t<\/div>\n\t<\/div>\n<\/div>\n\n<div class=\"has-overflow-hidden wp-block-eionext-tile-player-audio-outer-controls has-bg-tertiary advanced-player-component\" id=\"block-69d02fb90e628-player-controls\" style=\"opacity:0;\">\n\n\t<div class=\"has-flex has-justify-center has-items-center outer-control-handle has-cursor-pointer has-h-6\">\n\t\t<span class=\"has-inline-block has-bg-darkpanel has-h-1 has-rounded-lg has-w-10\"><\/span>\n\t<\/div>\n\n\t<div class=\"outer-control-audio-meta has-flex has-items-start\">\n\t\t<button class=\"outer-control-stop has-me-3\" aria-label=\"Riproduci audio\">\n\t\t\t<svg class=\"has-block\" width=\"24\" height=\"100%\" viewBox=\"0 0 25 24\" fill=\"none\" xmlns=\"http:\/\/www.w3.org\/2000\/svg\">\n<path d=\"M6.36987 6L18.3699 18M18.3699 6L6.36987 18\" stroke=\"var(--wp--preset--color--tertiaryforeground)\" stroke-width=\"2\" stroke-linecap=\"round\" stroke-linejoin=\"round\"\/>\n<\/svg>\t\t<\/button>\n\t\t<h2 class=\"has-text-tertiaryforeground has-text-body-font-size has-bottom-0.5 has-relative has-grow\">Aspectos hist\u00f3ricos<\/h2>\n\t<\/div>\n\n\t<div class=\"outer-control-progress\">\n\t\t<span class=\"has-absolute has-start-0 has-top-6 has-text-tertiaryforeground has-small-font-size-font-size outer-control-current-time\">0:00<\/span>\n\t\t<div class=\"outer-control-progress-bar has-relative\">\n\t\t\t<input type=\"range\" value=\"0\" min=\"0\" max=\"100\" class=\"has-relative outer-control-progress-bar-input has-opacity-0 has-w-full has-h-1 has-z-20 has-bg-light has-rounded-lg has-appearance-none has-cursor-pointer\" aria-label=\"Tempo di riproduzuone\">\n\t\t\t<span class=\"outer-control-progress-bar-display has-absolute has-h-1 has-bottom-1 has-rounded-lg has-end-0 has-start-0 has-z-20 has-bg-primary\" style=\"width:0\"><\/span>\n\t\t<\/div>\n\t\t<span class=\"has-text-tertiaryforeground has-absolute has-end-0 has-top-6 has-small-font-size-font-size has-z-0\">2:49<\/span>\n\t<\/div>\n\n\t<div class=\"outer-control-audio-actions container-button\">\n\t\t<button class=\"outer-control-backward-10\" aria-label=\"Riavvolgi l'audio di 10 secondi\">\n\t\t\t<svg width=\"42\" height=\"100%\" viewBox=\"0 0 28 28\" fill=\"none\" xmlns=\"http:\/\/www.w3.org\/2000\/svg\">\n<path d=\"M3.5 6.76731V9.33333M3.5 9.33333H6.33793M3.5 9.33333L7 6.17363C8.85768 4.51099 11.3107 3.5 14 3.5C19.799 3.5 24.5 8.20101 24.5 14C24.5 19.799 19.799 24.5 14 24.5C9.00293 24.5 4.82125 21.0093 3.76017 16.3333\" stroke=\"var(--wp--preset--color--tertiaryforeground)\" stroke-width=\"2\" stroke-linecap=\"round\" stroke-linejoin=\"round\"\/>\n<path d=\"M10.0193 11.714V10.778H11.8913V17.339H10.8563V11.714H10.0193Z\" fill=\"var(--wp--preset--color--tertiaryforeground)\"\/>\n<path d=\"M13.3008 13.973C13.3008 12.935 13.4748 12.125 13.8228 11.543C14.1768 10.955 14.7828 10.661 15.6408 10.661C16.4988 10.661 17.1018 10.955 17.4498 11.543C17.8038 12.125 17.9808 12.935 17.9808 13.973C17.9808 15.023 17.8038 15.845 17.4498 16.439C17.1018 17.027 16.4988 17.321 15.6408 17.321C14.7828 17.321 14.1768 17.027 13.8228 16.439C13.4748 15.845 13.3008 15.023 13.3008 13.973ZM16.9728 13.973C16.9728 13.487 16.9398 13.076 16.8738 12.74C16.8138 12.404 16.6878 12.131 16.4958 11.921C16.3038 11.705 16.0188 11.597 15.6408 11.597C15.2628 11.597 14.9778 11.705 14.7858 11.921C14.5938 12.131 14.4648 12.404 14.3988 12.74C14.3388 13.076 14.3088 13.487 14.3088 13.973C14.3088 14.477 14.3388 14.9 14.3988 15.242C14.4588 15.584 14.5848 15.86 14.7768 16.07C14.9748 16.28 15.2628 16.385 15.6408 16.385C16.0188 16.385 16.3038 16.28 16.4958 16.07C16.6938 15.86 16.8228 15.584 16.8828 15.242C16.9428 14.9 16.9728 14.477 16.9728 13.973Z\" fill=\"var(--wp--preset--color--tertiaryforeground)\"\/>\n<\/svg>\t\t<\/button>\n\n\t\t<button class=\"outer-control-play has-flex has-content-center has-justify-center has-rounded-full has-bg-buttonbackground\" style=\"width:60px;height:60px;\" aria-label=\"Riproduci\">\n\t\t\t<svg width=\"42\" height=\"100%\" viewBox=\"0 0 25 24\" fill=\"none\" xmlns=\"http:\/\/www.w3.org\/2000\/svg\">\n<path d=\"M17.6082 9.28638C19.048 10.1862 19.7678 10.6361 20.0147 11.2122C20.2303 11.7152 20.2303 12.2847 20.0147 12.7878C19.7678 13.3638 19.048 13.8137 17.6082 14.7136L10.846 18.94C9.248 19.9387 8.44902 20.4381 7.78968 20.385C7.21496 20.3388 6.68813 20.0469 6.34435 19.584C5.94995 19.053 5.94995 18.1108 5.94995 16.2264V7.77357C5.94995 5.88919 5.94995 4.94701 6.34435 4.41598C6.68813 3.9531 7.21496 3.66111 7.78968 3.6149C8.44902 3.5619 9.248 4.06126 10.846 5.05998L17.6082 9.28638Z\" stroke=\"var(--wp--preset--color--buttonforeground)\" stroke-width=\"2\" stroke-linejoin=\"round\"\/>\n<\/svg>\t\t<\/button>\n\n\t\t<button class=\"outer-control-pause has-flex has-content-center has-justify-center has-rounded-full has-bg-buttonbackground\" style=\"width:60px;height:60px;\" aria-label=\"Pausa\">\n\t\t\t<svg width=\"42\" height=\"100%\" viewBox=\"0 0 25 24\" fill=\"none\" xmlns=\"http:\/\/www.w3.org\/2000\/svg\">\n<path d=\"M8.58008 5V19M16.5801 5V19\" stroke=\"var(--wp--preset--color--buttonforeground)\" stroke-width=\"2\" stroke-linecap=\"round\" stroke-linejoin=\"round\"\/>\n<\/svg>\t\t<\/button>\n\n\t\t<button class=\"outer-control-restart has-flex has-content-center has-justify-center has-rounded-full has-bg-buttonbackground\" style=\"width:60px;height:60px;\" aria-label=\"Riavvia l'audio dall'inizio\">\n\t\t\t<svg width=\"42\" height=\"100%\" viewBox=\"0 0 25 24\" fill=\"none\" xmlns=\"http:\/\/www.w3.org\/2000\/svg\">\n<path d=\"M21.7898 3V8M21.7898 8H16.7898M21.7898 8L18.7898 5.29168C17.1975 3.86656 15.0949 3 12.7898 3C7.81923 3 3.78979 7.02944 3.78979 12C3.78979 16.9706 7.81923 21 12.7898 21C17.073 21 20.6573 18.008 21.5668 14\" stroke=\"var(--wp--preset--color--buttonforeground)\" stroke-width=\"2\" stroke-linecap=\"round\" stroke-linejoin=\"round\"\/>\n<\/svg>\t\t<\/button>\n\n\t\t<button class=\"outer-control-forward-10\" aria-label=\"Avanti di 10 secondi\">\n\t\t\t<svg width=\"42\" height=\"100%\" viewBox=\"0 0 29 28\" fill=\"none\" xmlns=\"http:\/\/www.w3.org\/2000\/svg\">\n<path d=\"M24.6599 7.13047V9.33333M24.6599 9.33333H22.1209M24.6599 9.33333L21.1599 6.17363C19.3022 4.51099 16.8492 3.5 14.1599 3.5C8.36093 3.5 3.65991 8.20101 3.65991 14C3.65991 19.799 8.36093 24.5 14.1599 24.5C19.157 24.5 23.3387 21.0093 24.3997 16.3333\" stroke=\"var(--wp--preset--color--tertiaryforeground)\" stroke-width=\"2\" stroke-linecap=\"round\" stroke-linejoin=\"round\"\/>\n<path d=\"M10.1792 11.714V10.778H12.0512V17.339H11.0162V11.714H10.1792Z\" fill=\"var(--wp--preset--color--tertiaryforeground)\"\/>\n<path d=\"M13.4607 13.973C13.4607 12.935 13.6347 12.125 13.9827 11.543C14.3367 10.955 14.9427 10.661 15.8007 10.661C16.6587 10.661 17.2617 10.955 17.6097 11.543C17.9637 12.125 18.1407 12.935 18.1407 13.973C18.1407 15.023 17.9637 15.845 17.6097 16.439C17.2617 17.027 16.6587 17.321 15.8007 17.321C14.9427 17.321 14.3367 17.027 13.9827 16.439C13.6347 15.845 13.4607 15.023 13.4607 13.973ZM17.1327 13.973C17.1327 13.487 17.0997 13.076 17.0337 12.74C16.9737 12.404 16.8477 12.131 16.6557 11.921C16.4637 11.705 16.1787 11.597 15.8007 11.597C15.4227 11.597 15.1377 11.705 14.9457 11.921C14.7537 12.131 14.6247 12.404 14.5587 12.74C14.4987 13.076 14.4687 13.487 14.4687 13.973C14.4687 14.477 14.4987 14.9 14.5587 15.242C14.6187 15.584 14.7447 15.86 14.9367 16.07C15.1347 16.28 15.4227 16.385 15.8007 16.385C16.1787 16.385 16.4637 16.28 16.6557 16.07C16.8537 15.86 16.9827 15.584 17.0427 15.242C17.1027 14.9 17.1327 14.477 17.1327 13.973Z\" fill=\"var(--wp--preset--color--tertiaryforeground)\"\/>\n<\/svg>\t\t<\/button>\n\t<\/div>\n\n<\/div>\n\n<div style=\"padding-top: var(--wp--preset--spacing--3);padding-bottom: var(--wp--preset--spacing--3);margin-right: var(--wp--preset--spacing--5);margin-left: var(--wp--preset--spacing--5); padding-top:var(--wp--preset--spacing--3);padding-bottom:var(--wp--preset--spacing--3);margin-left:var(--wp--preset--spacing--5);margin-right:var(--wp--preset--spacing--5);\" class=\"wp-block-eionext-tile-more\" id=\"block-69d02fba3bba3\" >\n\t\n\n<h2 class=\"wp-block-heading has-text-color has-text-body-font-size\" style=\"color:var(--wp--preset--color--foreground);font-style:normal;font-weight:700\"><strong>Transcripci\u00f3n de audio<\/strong><\/h2>\n\n\n\n<p>La Bas\u00edlica de San Zen\u00f3n es un espl\u00e9ndido ejemplo de arte rom\u00e1nico. La Bas\u00edlica se encuentra en la antigua zona cementerial de \u00e9poca romana. El n\u00facleo original del conjunto es un monasterio construido en el lugar de sepultura de San Zen\u00f3n, octavo obispo de Verona que vivi\u00f3 en la segunda mitad del siglo IV. Este obispo est\u00e1 considerado como la persona que convirti\u00f3 la ciudad al cristianismo y es el santo patr\u00f3n de Verona. Como la devoci\u00f3n hacia S. Zen\u00f3n aument\u00f3, la iglesia se hizo peque\u00f1a. Fue as\u00ed que entre los a\u00f1os 805 y 806, el rey franco Pipino (hijo de Carlo Magno), el obispo Ratoldo y el archidi\u00e1cono Pac\u00edfico, hicieron construir un gran bas\u00edlica con un monasterio anexo.<\/p>\n\n\n<div style=\"margin-top: var(--wp--preset--spacing--3);margin-bottom: var(--wp--preset--spacing--3);\" class=\" has-flex has-items-end has-justify-end wp-block-eionext-sub-more-link\" >\n\t<div class=\"has-inline-flex has-items-center has-justify-end more-button-wrapper\">\n\t\t\n\n<div class=\"wp-block-buttons is-content-justification-right is-layout-flex wp-container-core-buttons-is-layout-765c4724 wp-block-buttons-is-layout-flex\">\n<div class=\"wp-block-button\"><a class=\"wp-block-button__link has-text-color has-background has-text-small-font-size has-custom-font-size wp-element-button\" style=\"color:var(--wp--preset--color--foreground);background-color:var(--wp--preset--color--background);padding-right:0;padding-left:0;font-style:normal;font-weight:700\"><strong>Leer m\u00e1s<\/strong><\/a><\/div>\n<\/div>\n\n\t\t<svg class=\"icon ms-1 has-relative has-top-px has-self-center\" width=\"16px\" height=\"24\" viewBox=\"0 0 25 24\" fill=\"none\" xmlns=\"http:\/\/www.w3.org\/2000\/svg\">\n<path d=\"M6.36987 9L12.3699 15L18.3699 9\" stroke=\"var(--wp--preset--color--buttonforeground)\" stroke-width=\"2\" stroke-linecap=\"round\" stroke-linejoin=\"round\"\/>\n<\/svg>\t<\/div>\n<\/div>\n\n\n<div class=\"wp-block-group collapsible has-overflow-hidden is-layout-flow wp-block-group-is-layout-flow\">\n<p>El 21 de mayo del a\u00f1o 807 las reliquias del santo obispo fueron trasladadas a la iglesia por dos santos ermita\u00f1os, Benigno y Caro. Siguieron terribles invasiones b\u00e1rbaras y, tras la destrucci\u00f3n a manos de los h\u00fangaros, la bas\u00edlica se reconstruy\u00f3 a partir del a\u00f1o 963. Se trataba de una iglesia con tres naves, tres \u00e1bsides y una cripta. A finales del siglo XI, la bas\u00edlica se ampli\u00f3 y se renov\u00f3: casi la totalidad de la estructura actual se remonta a dichas fases de las obras. El terrible terremoto de 1117 comprometi\u00f3 gran parte de la obra que ya se hab\u00eda realizado: se destruyeron el claustro, la parte superior del campanario y algunas zonas del monasterio. Las obras se retomaron enseguida justo despu\u00e9s del terremoto y se prolongaron hasta 1138. La bas\u00edlica se alarg\u00f3 y se complet\u00f3 con la fachada y el p\u00f3rtico de Niccol\u00f2. El campanario se complet\u00f3 en 1178. La intervenci\u00f3n, en el siglo XIII, del maestro Brioloto ayudado por Adamino de San Giorgio supuso la elevaci\u00f3n de la fachada y la inclusi\u00f3n del roset\u00f3n entre los a\u00f1os 1217 y 1225. El claustro se renov\u00f3 en 1313. En 1387 se renov\u00f3 el \u00e1bside y el techo de madera, construido de manera similar al casco de un barco; su realizaci\u00f3n comport\u00f3 la elevaci\u00f3n de los muros de la nave central. En 1870 se demoli\u00f3 la gran escalera del siglo XVI que un\u00eda la iglesia superior a la iglesia plebeya y se realizaron, en su lugar, las actuales escaleras laterales y las centrales que dan acceso a la cripta. El conjunto de San Zen\u00f3n dej\u00f3 de existir como monasterio por deseo de la Rep\u00fablica V\u00e9neta en 1770.<\/p>\n<\/div>\n\n<\/div>\n\n\n<div style=\"height:20px\" aria-hidden=\"true\" class=\"wp-block-spacer\"><\/div>\n\n\n\n<div class=\"wp-block-group has-darkpanel-background-color has-background is-layout-constrained wp-container-core-group-is-layout-34d6c6f9 wp-block-group-is-layout-constrained\" style=\"padding-right:var(--wp--preset--spacing--5);padding-left:var(--wp--preset--spacing--5)\">\n<div style=\"height:10px\" aria-hidden=\"true\" class=\"wp-block-spacer\"><\/div>\n\n\n<div style=\"margin-top: var(--wp--preset--spacing--6);margin-right: var(--wp--preset--spacing--5);margin-bottom: var(--wp--preset--spacing--5);margin-left: var(--wp--preset--spacing--5); margin-top:var(--wp--preset--spacing--6);margin-right:var(--wp--preset--spacing--5);margin-bottom:var(--wp--preset--spacing--5);margin-left:var(--wp--preset--spacing--5);\" class=\"wp-block-eionext-tile-heading\" >\n\t\n\n<h2 class=\"wp-block-heading has-darkpanelforeground-color has-text-color has-text-title-secondary-font-size\" style=\"padding-top:0;padding-right:15px;padding-bottom:0;padding-left:15px\">Ir al siguiente contenido<\/h2>\n\n<\/div>\n\n<div style=\"padding-top: var(--wp--preset--spacing--3);padding-right: var(--wp--preset--spacing--3);padding-bottom: var(--wp--preset--spacing--3);padding-left: var(--wp--preset--spacing--3);margin-right: var(--wp--preset--spacing--5);margin-left: var(--wp--preset--spacing--5); padding-top:var(--wp--preset--spacing--3);padding-bottom:var(--wp--preset--spacing--3);padding-left:var(--wp--preset--spacing--3);padding-right:var(--wp--preset--spacing--3);margin-left:var(--wp--preset--spacing--5);margin-right:var(--wp--preset--spacing--5);\" class=\"has-border has-border-panelborder has-bg-panel has-rounded has-border has-border-panelborder has-bg-panel has-rounded wp-block-eionext-tile-ref\" >\n\t\n\n<div class=\"align wp-block-eionext-acf-ref\" id=\"block-69d02fba3ce50\">\n\t<a class=\"container-fluid has-mx-auto px-0\" href=\"https:\/\/mu.mymuseum.it\/basilicadisanzeno\/es\/introduccion-a-la-iglesia\/claustro\/\" aria-haspopup=\"false\" aria-label=\"Claustro\">\n\t\t<div class=\"row g-3\">\n\t\t\t\n\t\t\t<div class=\"col-3\">\n\t\t\t\t<img decoding=\"async\" width=\"150\" height=\"150\" src=\"https:\/\/mu.mymuseum.it\/basilicadisanzeno\/wp-content\/uploads\/sites\/91\/2025\/09\/Il-chiostro-5-150x150.jpg\" class=\"has-rounded not-transparent wp-post-image\" alt=\"Claustro de la Bas\u00edlica de San Zeno\" loading=\"lazy\" data-has-transparency=\"false\" data-dominant-color=\"554c36\" style=\"--dominant-color: #554c36;\" \/>\t\t\t<\/div>\n\t\t\t\n\t\t\t<div class=\"col flex-column d-flex justify-content-between\">\n\n\t\t\t\t\t\t\t\t\t<div>\n\t\t\t\t\t\t<h3 class=\"has-text-title-small-font-size has-font-semibold\" style=\"color:var(--wp--preset--color--foreground)\" id=\"title-block-69d02fba3ce50\">\n\t\t\t\t\t\t\tClaustro\t\t\t\t\t\t<\/h3>\n\t\t\t\t\t<\/div>\n\t\t\t\t\n\t\t\t\t<div class=\"mt-4\">\n\t\t\t\t\t<div class=\"has-flex has-align-center has-text-small-font-size\">\n\t\t\t\t\t\t<div class=\"has-relative has-bottom-px\">\n\t\t\t\t\t\t\t<svg width=\"24px\" height=\"100%\" viewBox=\"0 0 25 24\" fill=\"none\" xmlns=\"http:\/\/www.w3.org\/2000\/svg\">\n<path d=\"M12.498 7.00012V12.0001H15.498M21.498 12.0001C21.498 16.9707 17.4686 21.0001 12.498 21.0001C7.52749 21.0001 3.49805 16.9707 3.49805 12.0001C3.49805 7.02956 7.52749 3.00012 12.498 3.00012C17.4686 3.00012 21.498 7.02956 21.498 12.0001Z\" stroke=\"var(--wp--preset--color--foreground)\" stroke-width=\"2\" stroke-linecap=\"round\" stroke-linejoin=\"round\"\/>\n<\/svg>\t\t\t\t\t\t<\/div>\n\t\t\t\t\t\t<div class=\"has-w-auto has-ps-3 has-text-right\" style=\"color:var(--wp--preset--color--foreground)\">\n\t\t\t\t\t\t\t1:13\t\t\t\t\t\t<\/div>\n\t\t\t\t\t\t\t\t\t\t\t<\/div>\n\t\t\t\t<\/div>\n\t\t\t<\/div>\n\n\t\t<\/div>\n\t<\/a>\n<\/div>\n<\/div>\n\n\n<div style=\"height:40px\" aria-hidden=\"true\" class=\"wp-block-spacer\"><\/div>\n\n\n\n<div class=\"wp-block-group is-layout-constrained wp-container-core-group-is-layout-a7c31ef8 wp-block-group-is-layout-constrained\" style=\"padding-right:0;padding-left:0\">\n<div class=\"wp-block-buttons is-layout-flex wp-block-buttons-is-layout-flex\">\n<div class=\"wp-block-button\"><a class=\"wp-block-button__link has-buttonforeground-color has-buttonbackground-background-color has-text-color has-background has-link-color has-text-small-font-size has-custom-font-size wp-element-button\" href=\"https:\/\/mu.mymuseum.it\/basilicadisanzeno\/fr\/presentation-de-leglise\/\" style=\"border-radius:4px;padding-top:var(--wp--preset--spacing--1);padding-right:var(--wp--preset--spacing--3);padding-bottom:var(--wp--preset--spacing--1);padding-left:var(--wp--preset--spacing--3)\">\u2039 <strong>Volver a la lista de contenidos<\/strong><\/a><\/div>\n<\/div>\n<\/div>\n\n\n\n<div style=\"height:40px\" aria-hidden=\"true\" class=\"wp-block-spacer\"><\/div>\n<\/div>\n","protected":false},"excerpt":{"rendered":"","protected":false},"author":4,"featured_media":1093,"parent":426,"menu_order":1,"comment_status":"closed","ping_status":"closed","template":"","meta":{"_acf_changed":false,"footnotes":""},"class_list":["post-579","page","type-page","status-publish","has-post-thumbnail","hentry"],"acf":[],"_links":{"self":[{"href":"https:\/\/mu.mymuseum.it\/basilicadisanzeno\/wp-json\/wp\/v2\/pages\/579","targetHints":{"allow":["GET"]}}],"collection":[{"href":"https:\/\/mu.mymuseum.it\/basilicadisanzeno\/wp-json\/wp\/v2\/pages"}],"about":[{"href":"https:\/\/mu.mymuseum.it\/basilicadisanzeno\/wp-json\/wp\/v2\/types\/page"}],"author":[{"embeddable":true,"href":"https:\/\/mu.mymuseum.it\/basilicadisanzeno\/wp-json\/wp\/v2\/users\/4"}],"replies":[{"embeddable":true,"href":"https:\/\/mu.mymuseum.it\/basilicadisanzeno\/wp-json\/wp\/v2\/comments?post=579"}],"version-history":[{"count":5,"href":"https:\/\/mu.mymuseum.it\/basilicadisanzeno\/wp-json\/wp\/v2\/pages\/579\/revisions"}],"predecessor-version":[{"id":1094,"href":"https:\/\/mu.mymuseum.it\/basilicadisanzeno\/wp-json\/wp\/v2\/pages\/579\/revisions\/1094"}],"up":[{"embeddable":true,"href":"https:\/\/mu.mymuseum.it\/basilicadisanzeno\/wp-json\/wp\/v2\/pages\/426"}],"wp:featuredmedia":[{"embeddable":true,"href":"https:\/\/mu.mymuseum.it\/basilicadisanzeno\/wp-json\/wp\/v2\/media\/1093"}],"wp:attachment":[{"href":"https:\/\/mu.mymuseum.it\/basilicadisanzeno\/wp-json\/wp\/v2\/media?parent=579"}],"curies":[{"name":"wp","href":"https:\/\/api.w.org\/{rel}","templated":true}]}}