{"id":82,"date":"2025-03-31T17:39:44","date_gmt":"2025-03-31T15:39:44","guid":{"rendered":"https:\/\/mu.mymuseum.it\/basilicadisanzeno\/?page_id=82"},"modified":"2025-03-31T17:39:44","modified_gmt":"2025-03-31T15:39:44","slug":"chi-siamo","status":"publish","type":"page","link":"https:\/\/mu.mymuseum.it\/basilicadisanzeno\/it\/chi-siamo\/","title":{"rendered":"Chi siamo"},"content":{"rendered":"\n<div class=\"wp-block-group is-layout-constrained wp-block-group-is-layout-constrained\">\n<div style=\"height:20px\" aria-hidden=\"true\" class=\"wp-block-spacer\"><\/div>\n\n\n\n<h1 class=\"wp-block-heading has-text-color has-text-title-font-size\" style=\"color:var(--wp--preset--color--foreground);padding-right:var(--wp--preset--spacing--5);padding-left:var(--wp--preset--spacing--5)\">Chi siamo<\/h1>\n\n\n\n<div style=\"height:20px\" aria-hidden=\"true\" class=\"wp-block-spacer\"><\/div>\n\n\n\n<p class=\"has-text-title-small-font-size\" style=\"padding-right:var(--wp--preset--spacing--5);padding-left:var(--wp--preset--spacing--5)\">myMuseum \u00e8 un marchio di lineadacqua edizioni, azienda specializzata nell\u2019ambito della valorizzazione culturale.<\/p>\n\n\n\n<div style=\"height:20px\" aria-hidden=\"true\" class=\"wp-block-spacer\"><\/div>\n\n\n\n<p style=\"padding-right:var(--wp--preset--spacing--5);padding-left:var(--wp--preset--spacing--5)\">Affianchiamo le <strong>realt\u00e0 culturali<\/strong> nel racconto del proprio <strong>patrimonio artistico<\/strong>, non soltanto attraverso pubblicazioni di stampo tradizionale ma anche tramite modalit\u00e0 innovative sia dal punto di vista dei contenuti che delle tecnologie.<\/p>\n\n\n\n<div style=\"height:20px\" aria-hidden=\"true\" class=\"wp-block-spacer\"><\/div>\n\n\n\n<p style=\"padding-right:var(--wp--preset--spacing--5);padding-left:var(--wp--preset--spacing--5)\"><strong>myMuseum<\/strong> \u00e8 una realt\u00e0 composta da un team multidisciplinare di professionisti che mette a disposizione un prodotto innovativo, personalizzabile e flessibile: un\u2019<strong>audioguida digitale e smart <\/strong>che consente alle persone di <strong>fruire di un\u2019esperienza di visita dei musei pi\u00f9 ricca e completa<\/strong>.<\/p>\n\n\n\n<div style=\"height:20px\" aria-hidden=\"true\" class=\"wp-block-spacer\"><\/div>\n\n\n\n<p style=\"padding-right:var(--wp--preset--spacing--5);padding-left:var(--wp--preset--spacing--5)\">Ad agosto 2024 viene lanciata la nuova piattaforma <strong>myMuseumNEXT<\/strong>, ideata e sviluppata per essere accessibile a un pi\u00f9 ampio bacino di fruitori. La tecnica dello storytelling consente di ottenere un&#8217;esperienza di visita capace di stimolare pi\u00f9 sensi, mentre la struttura informatica della web app permette una facile lettura delle pagine da parte delle tecnologie assistive utilizzate da persone con disabilit\u00e0 visive.<\/p>\n\n\n\n<div style=\"height:20px\" aria-hidden=\"true\" class=\"wp-block-spacer\"><\/div>\n\n\n\n<p style=\"padding-right:var(--wp--preset--spacing--5);padding-left:var(--wp--preset--spacing--5)\"><strong>myMuseumNEXT<\/strong> \u00e8 realizzata con il sostegno del <em>PNRR &#8211; Incentivo &#8220;TOCC&#8221;<\/em>, finanziato dall&#8217;Unione Europea &#8211; Next Generation EU. Nello specifico, Sub-Investimento 3.3.2 <em>\u201cSostegno ai settori culturali e creativi per l\u2019innovazione e la transizione digitale\u201d<\/em>, ovvero all\u2019Azione A2.<\/p>\n\n\n\n<div style=\"height:40px\" aria-hidden=\"true\" class=\"wp-block-spacer\"><\/div>\n<\/div>\n\n\n\n<div class=\"wp-block-group has-darkpanelforeground-color has-tertiary-background-color has-text-color has-background has-link-color wp-elements-03f52805c67c6dd2851408cdd31e184c is-layout-constrained wp-container-core-group-is-layout-e382d8bf wp-block-group-is-layout-constrained\" style=\"padding-top:var(--wp--preset--spacing--5);padding-right:0;padding-bottom:var(--wp--preset--spacing--5);padding-left:0\">\n<h2 class=\"wp-block-heading has-tertiaryforeground-color has-text-color has-link-color wp-elements-3f19c8caca073c099af79fb88c9835e0\" style=\"padding-right:var(--wp--preset--spacing--5);padding-left:var(--wp--preset--spacing--5)\"><strong>Contatti<\/strong><\/h2>\n\n\n\n<div style=\"height:20px\" aria-hidden=\"true\" class=\"wp-block-spacer\"><\/div>\n\n\n\n<h3 class=\"wp-block-heading has-tertiaryforeground-color has-text-color has-link-color wp-elements-24b51cd3fc7981ac38fc2ab16f94bc64\" style=\"padding-right:var(--wp--preset--spacing--5);padding-left:var(--wp--preset--spacing--5)\">Indirizzo:<\/h3>\n\n\n\n<p class=\"has-tertiaryforeground-color has-text-color has-link-color wp-elements-fb4b51b3eb022ad7ae9f6671a1780e14\" style=\"padding-right:var(--wp--preset--spacing--5);padding-left:var(--wp--preset--spacing--5)\">Calle della Mandola<br>San Marco 3716\/b<br>30124 Venezia<\/p>\n\n\n\n<div style=\"height:20px\" aria-hidden=\"true\" class=\"wp-block-spacer\"><\/div>\n\n\n\n<h3 class=\"wp-block-heading has-tertiaryforeground-color has-text-color has-link-color wp-elements-630549e49ee8ccb570a77adefd771ae2\" style=\"padding-right:var(--wp--preset--spacing--5);padding-left:var(--wp--preset--spacing--5)\">Mail:<\/h3>\n\n\n\n<p class=\"has-tertiaryforeground-color has-text-color has-link-color wp-elements-8f235d52d73c736307d9e97b371ec456\" style=\"padding-right:var(--wp--preset--spacing--5);padding-left:var(--wp--preset--spacing--5)\"><a href=\"mailto:redazione@lineadacqua.com\"><span style=\"text-decoration: underline;\">redazione@lineadacqua.com<\/span><\/a><\/p>\n\n\n\n<div style=\"height:20px\" aria-hidden=\"true\" class=\"wp-block-spacer\"><\/div>\n\n\n\n<h3 class=\"wp-block-heading has-tertiaryforeground-color has-text-color has-link-color wp-elements-d55a1279512af00e079c48ae2ce9c899\" style=\"padding-right:var(--wp--preset--spacing--5);padding-left:var(--wp--preset--spacing--5)\">Sito:<\/h3>\n\n\n\n<p class=\"has-tertiaryforeground-color has-text-color\" style=\"padding-right:var(--wp--preset--spacing--5);padding-left:var(--wp--preset--spacing--5)\"><span style=\"text-decoration: underline;\"><a href=\"https:\/\/www.lineadacqua.com\" target=\"_blank\" rel=\"noreferrer noopener\">lineadacqua.com<\/a><br><\/span><a href=\"https:\/\/www.mymuseum.it\/\" target=\"_blank\" rel=\"noreferrer noopener\"><span style=\"text-decoration: underline;\">mymuseum.it<\/span><\/a><\/p>\n<\/div>\n","protected":false},"excerpt":{"rendered":"<p>Chi siamo myMuseum \u00e8 un marchio di lineadacqua edizioni, azienda specializzata nell\u2019ambito della valorizzazione culturale. Affianchiamo le realt\u00e0 culturali nel racconto del proprio patrimonio artistico, non soltanto attraverso pubblicazioni di stampo tradizionale ma anche tramite modalit\u00e0 innovative sia dal punto di vista dei contenuti che delle tecnologie. myMuseum \u00e8 una realt\u00e0 composta da un team [&hellip;]<\/p>\n","protected":false},"author":2,"featured_media":0,"parent":0,"menu_order":0,"comment_status":"closed","ping_status":"closed","template":"","meta":{"_acf_changed":false,"footnotes":""},"class_list":["post-82","page","type-page","status-publish","hentry"],"acf":[],"_links":{"self":[{"href":"https:\/\/mu.mymuseum.it\/basilicadisanzeno\/wp-json\/wp\/v2\/pages\/82","targetHints":{"allow":["GET"]}}],"collection":[{"href":"https:\/\/mu.mymuseum.it\/basilicadisanzeno\/wp-json\/wp\/v2\/pages"}],"about":[{"href":"https:\/\/mu.mymuseum.it\/basilicadisanzeno\/wp-json\/wp\/v2\/types\/page"}],"author":[{"embeddable":true,"href":"https:\/\/mu.mymuseum.it\/basilicadisanzeno\/wp-json\/wp\/v2\/users\/2"}],"replies":[{"embeddable":true,"href":"https:\/\/mu.mymuseum.it\/basilicadisanzeno\/wp-json\/wp\/v2\/comments?post=82"}],"version-history":[{"count":1,"href":"https:\/\/mu.mymuseum.it\/basilicadisanzeno\/wp-json\/wp\/v2\/pages\/82\/revisions"}],"predecessor-version":[{"id":83,"href":"https:\/\/mu.mymuseum.it\/basilicadisanzeno\/wp-json\/wp\/v2\/pages\/82\/revisions\/83"}],"wp:attachment":[{"href":"https:\/\/mu.mymuseum.it\/basilicadisanzeno\/wp-json\/wp\/v2\/media?parent=82"}],"curies":[{"name":"wp","href":"https:\/\/api.w.org\/{rel}","templated":true}]}}