{"id":84,"date":"2025-03-31T17:40:33","date_gmt":"2025-03-31T15:40:33","guid":{"rendered":"https:\/\/mu.mymuseum.it\/basilicadisanzeno\/?page_id=84"},"modified":"2025-08-07T12:26:27","modified_gmt":"2025-08-07T10:26:27","slug":"privacy-policy","status":"publish","type":"page","link":"https:\/\/mu.mymuseum.it\/basilicadisanzeno\/it\/privacy-policy\/","title":{"rendered":"Privacy policy"},"content":{"rendered":"\n<div style=\"height:20px\" aria-hidden=\"true\" class=\"wp-block-spacer\"><\/div>\n\n\n\n<h1 class=\"wp-block-heading has-text-color has-text-title-font-size\" style=\"color:var(--wp--preset--color--foreground);padding-right:var(--wp--preset--spacing--5);padding-left:var(--wp--preset--spacing--5)\">Privacy policy<\/h1>\n\n\n\n<div style=\"height:15px\" aria-hidden=\"true\" class=\"wp-block-spacer\"><\/div>\n\n\n\n<p style=\"padding-right:var(--wp--preset--spacing--5);padding-left:var(--wp--preset--spacing--5)\">La Basilica di San Zeno \u00e8 proprietaria dell&#8217;audioguida myMuseum realizzata da lineadacqua.<\/p>\n\n\n\n<div style=\"height:15px\" aria-hidden=\"true\" class=\"wp-block-spacer\"><\/div>\n\n\n\n<h2 class=\"wp-block-heading\" style=\"padding-right:var(--wp--preset--spacing--5);padding-left:var(--wp--preset--spacing--5)\"><strong>TRATTAMENTO DI DATI PERSONALI<\/strong><\/h2>\n\n\n\n<div style=\"height:5px\" aria-hidden=\"true\" class=\"wp-block-spacer\"><\/div>\n\n\n\n<p style=\"padding-right:var(--wp--preset--spacing--5);padding-left:var(--wp--preset--spacing--5)\">In virt\u00f9 dell\u2019utilizzo della web app si informa l\u2019utenza che NON SONO trattati dati personali o comunque associabili all\u2019utente anche tramite l\u2019utilizzo di cookie.<\/p>\n\n\n\n<div style=\"height:15px\" aria-hidden=\"true\" class=\"wp-block-spacer\"><\/div>\n\n\n\n<h2 class=\"wp-block-heading\" style=\"padding-right:var(--wp--preset--spacing--5);padding-left:var(--wp--preset--spacing--5)\"><strong>DATI DI NAVIGAZIONE<\/strong><\/h2>\n\n\n\n<div style=\"height:5px\" aria-hidden=\"true\" class=\"wp-block-spacer\"><\/div>\n\n\n\n<p style=\"padding-right:var(--wp--preset--spacing--5);padding-left:var(--wp--preset--spacing--5)\">I sistemi informatici e le procedure software preposte al funzionamento di questo sito web acquisiscono, nel corso del loro normale esercizio, alcuni dati in modo anonimo la cui trasmissione \u00e8 implicita nell\u2019uso dei protocolli di comunicazione di Internet.<br>Si tratta di informazioni che non sono raccolte per essere associate a interessati identificati e che non possono portare ad associazioni che permettono di identificare gli utenti, neanche con dati detenuti da terzi,.<br>In questa categoria di dati rientrano gli indirizzi IP o i nomi a dominio dei computer utilizzati dagli utenti che si connettono al sito, gli indirizzi in notazione URI (Uniform Resource Identifier) delle risorse richieste, l\u2019orario della richiesta, il metodo utilizzato nel sottoporre la richiesta al server, la dimensione del file ottenuto in risposta, il codice numerico indicante lo stato della risposta data dal server (buon fine, errore, ecc.) ed altri parametri relativi al sistema operativo e all\u2019ambiente informatico dell\u2019utente.<br>Questi dati vengono utilizzati al solo fine di ricavare informazioni statistiche anonime sull\u2019uso del sito e per controllarne il corretto funzionamento.<br>I dati potrebbero essere utilizzati per l\u2019accertamento di responsabilit\u00e0 in caso di ipotetici reati informatici ai danni del sito.<br>In particolare si tratta dei seguenti dati anonimi e aggregati:<br>\u2013 Lingua scelta,<br>\u2013 Contenuti fruiti,<br>\u2013 Tempo di utilizzo.<br>Ai medesimi dati potr\u00e0 accedere, per gli stessi scopi statistici, anche il museo.<\/p>\n\n\n\n<div style=\"height:15px\" aria-hidden=\"true\" class=\"wp-block-spacer\"><\/div>\n\n\n\n<h2 class=\"wp-block-heading\" style=\"padding-right:var(--wp--preset--spacing--5);padding-left:var(--wp--preset--spacing--5)\"><strong>LA GESTIONE DEI COOKIE<\/strong><\/h2>\n\n\n\n<div style=\"height:5px\" aria-hidden=\"true\" class=\"wp-block-spacer\"><\/div>\n\n\n\n<h3 class=\"wp-block-heading\" style=\"padding-right:var(--wp--preset--spacing--5);padding-left:var(--wp--preset--spacing--5)\"><em>COOKIE<\/em><\/h3>\n\n\n\n<p style=\"padding-right:var(--wp--preset--spacing--5);padding-left:var(--wp--preset--spacing--5)\">I cookie sono stringhe di testo di piccole dimensioni che i siti visitati dall\u2019utente inviano al suo terminale, dove vengono memorizzati per essere poi ritrasmessi agli stessi siti alla successiva visita del medesimo utente. Nel corso della navigazione l\u2019utente pu\u00f2 ricevere sul suo terminale anche cookie che vengono inviati da pagine web diverse (cfr. Provv. Garante Privacy 8 maggio 2014, n.229).<br>Al fine di giungere a una corretta regolamentazione di tali dispositivi, \u00e8 necessario distinguerli in base alle finalit\u00e0 perseguite da chi li utilizza.<\/p>\n\n\n\n<div style=\"height:10px\" aria-hidden=\"true\" class=\"wp-block-spacer\"><\/div>\n\n\n\n<h3 class=\"wp-block-heading\" style=\"padding-right:var(--wp--preset--spacing--5);padding-left:var(--wp--preset--spacing--5)\"><em>COOKIE TECNICI<\/em><\/h3>\n\n\n\n<p style=\"padding-right:var(--wp--preset--spacing--5);padding-left:var(--wp--preset--spacing--5)\">I cookie tecnici sono quelli utilizzati al solo fine di \u201ceffettuare la trasmissione di una comunicazione su una rete di comunicazione elettronica, o nella misura strettamente necessaria al fornitore di un servizio della societ\u00e0 dell\u2019informazione esplicitamente richiesto dall\u2019abbonato o dall\u2019utente a erogare tale servizio\u201d (cfr. art. 122, comma 1, del Codice e Provv. n. 229\/2014).<br>Possono consistere in cookie di navigazione o di sessione, che garantiscono la normale navigazione e fruizione del sito web (permettendo, ad esempio, di realizzare un acquisto o autenticarsi per accedere ad aree riservate).<br><strong>Per l\u2019installazione di tali cookie non \u00e8 richiesto il preventivo consenso degli utenti.<\/strong><\/p>\n\n\n\n<div style=\"height:10px\" aria-hidden=\"true\" class=\"wp-block-spacer\"><\/div>\n\n\n\n<h3 class=\"wp-block-heading\" style=\"padding-right:var(--wp--preset--spacing--5);padding-left:var(--wp--preset--spacing--5)\"><em>COOKIE DI PROFILAZIONE<\/em><\/h3>\n\n\n\n<p style=\"padding-right:var(--wp--preset--spacing--5);padding-left:var(--wp--preset--spacing--5)\">I cookie di profilazione sono volti a creare profili relativi all\u2019utente e vengono utilizzati al fine di inviare messaggi pubblicitari in linea con le preferenze manifestate nell\u2019ambito della navigazione in rete.<br>Vista la loro invasivit\u00e0 all\u2019utente viene richiesto il preventivo consenso alla loro installazione cos\u00ec come previsto dall\u2019art. 122 del Codice.<\/p>\n\n\n\n<div style=\"height:10px\" aria-hidden=\"true\" class=\"wp-block-spacer\"><\/div>\n\n\n\n<h3 class=\"wp-block-heading\" style=\"padding-right:var(--wp--preset--spacing--5);padding-left:var(--wp--preset--spacing--5)\"><em>COOKIE ANALITICI<\/em><\/h3>\n\n\n\n<p style=\"padding-right:var(--wp--preset--spacing--5);padding-left:var(--wp--preset--spacing--5)\">Servono a monitorare l\u2019utilizzo della pagina web da parte degli utenti fornendo report statistici che possono supportare l\u2019editore del sito nella sua ottimizzazione. Uno degli strumenti maggiormente utilizzati per le analisi web \u00e8 \u201cMatomo\u201d, un servizio attraverso il quale \u00e8 possibile raccogliere statistiche di navigazione. L\u2019Autorit\u00e0 Garante ha chiarito che questi cookie sono inquadrabili tra quelli tecnici laddove venga anonimizzato (anche parzialmente) l\u2019indirizzo IP e vengano eliminate le condivisioni di informazioni. In caso contrario queste tipologie di cookie vengono associate a quelli di profilazione.<br>La societ\u00e0 ha inoltre provveduto a rendere parzialmente anonimo l\u2019indirizzo IP dell\u2019utente e a ridurre i dati cui Matomo pu\u00f2 accedere tramite i suoi strumenti.<br>Ogni tipologia di cookie pu\u00f2 essere di prima parte (cio\u00e8 trattati e gestiti direttamente dal proprietario del sito web) ovvero di&nbsp;terze parti&nbsp;(quando installati e acquisiti da soggetti diversi).<\/p>\n\n\n\n<div style=\"height:5px\" aria-hidden=\"true\" class=\"wp-block-spacer\"><\/div>\n\n\n\n<p style=\"padding-right:var(--wp--preset--spacing--5);padding-left:var(--wp--preset--spacing--5)\"><strong>Ecco i cookie utilizzati dal nostro sito:<\/strong><br>\u2013 Cookie strettamente necessari<br>\u2013 Cookie statistici<br>\u2013 Cookie esperienza<br>\u2013 Cookie sicurezza<\/p>\n\n\n\n<div style=\"height:60px\" aria-hidden=\"true\" class=\"wp-block-spacer\"><\/div>\n","protected":false},"excerpt":{"rendered":"<p>Privacy policy La Basilica di San Zeno \u00e8 proprietaria dell&#8217;audioguida myMuseum realizzata da lineadacqua. TRATTAMENTO DI DATI PERSONALI In virt\u00f9 dell\u2019utilizzo della web app si informa l\u2019utenza che NON SONO trattati dati personali o comunque associabili all\u2019utente anche tramite l\u2019utilizzo di cookie. DATI DI NAVIGAZIONE I sistemi informatici e le procedure software preposte al funzionamento [&hellip;]<\/p>\n","protected":false},"author":2,"featured_media":0,"parent":0,"menu_order":0,"comment_status":"closed","ping_status":"closed","template":"","meta":{"_acf_changed":false,"footnotes":""},"class_list":["post-84","page","type-page","status-publish","hentry"],"acf":[],"_links":{"self":[{"href":"https:\/\/mu.mymuseum.it\/basilicadisanzeno\/wp-json\/wp\/v2\/pages\/84","targetHints":{"allow":["GET"]}}],"collection":[{"href":"https:\/\/mu.mymuseum.it\/basilicadisanzeno\/wp-json\/wp\/v2\/pages"}],"about":[{"href":"https:\/\/mu.mymuseum.it\/basilicadisanzeno\/wp-json\/wp\/v2\/types\/page"}],"author":[{"embeddable":true,"href":"https:\/\/mu.mymuseum.it\/basilicadisanzeno\/wp-json\/wp\/v2\/users\/2"}],"replies":[{"embeddable":true,"href":"https:\/\/mu.mymuseum.it\/basilicadisanzeno\/wp-json\/wp\/v2\/comments?post=84"}],"version-history":[{"count":2,"href":"https:\/\/mu.mymuseum.it\/basilicadisanzeno\/wp-json\/wp\/v2\/pages\/84\/revisions"}],"predecessor-version":[{"id":776,"href":"https:\/\/mu.mymuseum.it\/basilicadisanzeno\/wp-json\/wp\/v2\/pages\/84\/revisions\/776"}],"wp:attachment":[{"href":"https:\/\/mu.mymuseum.it\/basilicadisanzeno\/wp-json\/wp\/v2\/media?parent=84"}],"curies":[{"name":"wp","href":"https:\/\/api.w.org\/{rel}","templated":true}]}}